{"id":742,"date":"2025-07-28T18:52:53","date_gmt":"2025-07-28T18:52:53","guid":{"rendered":"https:\/\/yearzerochange.org\/?page_id=742"},"modified":"2025-08-06T15:57:26","modified_gmt":"2025-08-06T15:57:26","slug":"rssdf","status":"publish","type":"page","link":"https:\/\/yearzerochange.org\/pt\/","title":{"rendered":"Zero Year Change &#8211; reimagining the futur"},"content":{"rendered":"<div data-elementor-type=\"wp-page\" data-elementor-id=\"742\" class=\"elementor elementor-742\">\n\t\t\t\t<div class=\"elementor-element elementor-element-6107b6c e-flex e-con-boxed e-con e-parent\" data-id=\"6107b6c\" data-element_type=\"container\" data-e-type=\"container\" data-settings=\"{&quot;background_background&quot;:&quot;classic&quot;}\">\n\t\t\t\t\t<div class=\"e-con-inner\">\n\t\t\t\t\t<\/div>\n\t\t\t\t<\/div>\n\t\t<div class=\"elementor-element elementor-element-05cbe27 e-flex e-con-boxed e-con e-parent\" data-id=\"05cbe27\" data-element_type=\"container\" data-e-type=\"container\">\n\t\t\t\t\t<div class=\"e-con-inner\">\n\t\t<div class=\"elementor-element elementor-element-7788da2 e-con-full e-flex e-con e-child\" data-id=\"7788da2\" data-element_type=\"container\" data-e-type=\"container\" data-settings=\"{&quot;background_background&quot;:&quot;classic&quot;}\">\n\t\t\t\t<\/div>\n\t\t<div class=\"elementor-element elementor-element-ebff593 e-con-full e-flex e-con e-child\" data-id=\"ebff593\" data-element_type=\"container\" data-e-type=\"container\">\n\t\t<div class=\"elementor-element elementor-element-99d1b1a e-con-full e-flex e-con e-child\" data-id=\"99d1b1a\" data-element_type=\"container\" data-e-type=\"container\">\n\t\t\t\t<div class=\"elementor-element elementor-element-a6273a8 elementor-widget elementor-widget-heading\" data-id=\"a6273a8\" data-element_type=\"widget\" data-e-type=\"widget\" data-widget_type=\"heading.default\">\n\t\t\t\t\t<h2 class=\"elementor-heading-title elementor-size-default\">O Year Zero Change \u00e9 uma iniciativa universal para reimaginar nossa rela\u00e7\u00e3o com o tempo e a economia.<\/h2>\t\t\t\t<\/div>\n\t\t\t\t<\/div>\n\t\t<div class=\"elementor-element elementor-element-95ecbb7 e-con-full e-flex e-con e-child\" data-id=\"95ecbb7\" data-element_type=\"container\" data-e-type=\"container\">\n\t\t\t\t<div class=\"elementor-element elementor-element-1687143 elementor-widget elementor-widget-heading\" data-id=\"1687143\" data-element_type=\"widget\" data-e-type=\"widget\" data-widget_type=\"heading.default\">\n\t\t\t\t\t<h2 class=\"elementor-heading-title elementor-size-default\">Ele oferece uma estrutura po\u00e9tica, cient\u00edfica e inclusiva para o futuro: um calend\u00e1rio de 13 meses e uma nova moeda chamada Zero, projetada para garantir as necessidades b\u00e1sicas de todos sem especula\u00e7\u00e3o.<\/h2>\t\t\t\t<\/div>\n\t\t\t\t<\/div>\n\t\t\t\t<\/div>\n\t\t\t\t\t<\/div>\n\t\t\t\t<\/div>\n\t\t<div class=\"elementor-element elementor-element-2bc337e e-flex e-con-boxed e-con e-parent\" data-id=\"2bc337e\" data-element_type=\"container\" data-e-type=\"container\">\n\t\t\t\t\t<div class=\"e-con-inner\">\n\t\t\t\t<div class=\"elementor-element elementor-element-a53f8c9 elementor-widget elementor-widget-spacer\" data-id=\"a53f8c9\" data-element_type=\"widget\" data-e-type=\"widget\" data-widget_type=\"spacer.default\">\n\t\t\t\t\t\t\t<div class=\"elementor-spacer\">\n\t\t\t<div class=\"elementor-spacer-inner\"><\/div>\n\t\t<\/div>\n\t\t\t\t\t\t<\/div>\n\t\t\t\t\t<\/div>\n\t\t\t\t<\/div>\n\t\t<div class=\"elementor-element elementor-element-1620a1b e-flex e-con-boxed e-con e-parent\" data-id=\"1620a1b\" data-element_type=\"container\" data-e-type=\"container\">\n\t\t\t\t\t<div class=\"e-con-inner\">\n\t\t<div class=\"elementor-element elementor-element-760ce25 e-con-full e-flex e-con e-child\" data-id=\"760ce25\" data-element_type=\"container\" data-e-type=\"container\">\n\t\t\t\t<div class=\"elementor-element elementor-element-814eb17 elementor-widget elementor-widget-text-editor\" data-id=\"814eb17\" data-element_type=\"widget\" data-e-type=\"widget\" data-widget_type=\"text-editor.default\">\n\t\t\t\t\t\t\t\t\t<h3 class=\"wp-block-heading\"><img decoding=\"async\" class=\"emoji\" role=\"img\" draggable=\"false\" src=\"https:\/\/s.w.org\/images\/core\/emoji\/16.0.1\/svg\/1f315.svg\" alt=\"\ud83c\udf15\" \/> O calend\u00e1rio<\/h3>\t\t\t\t\t\t\t\t<\/div>\n\t\t\t\t<\/div>\n\t\t\t\t\t<\/div>\n\t\t\t\t<\/div>\n\t\t<div class=\"elementor-element elementor-element-97a1493 e-flex e-con-boxed e-con e-parent\" data-id=\"97a1493\" data-element_type=\"container\" data-e-type=\"container\">\n\t\t\t\t\t<div class=\"e-con-inner\">\n\t\t<div class=\"elementor-element elementor-element-7bfc8ae e-con-full e-flex e-con e-child\" data-id=\"7bfc8ae\" data-element_type=\"container\" data-e-type=\"container\" data-settings=\"{&quot;background_background&quot;:&quot;classic&quot;}\">\n\t\t\t\t<\/div>\n\t\t<div class=\"elementor-element elementor-element-ae4aa88 e-con-full e-flex e-con e-child\" data-id=\"ae4aa88\" data-element_type=\"container\" data-e-type=\"container\">\n\t\t<div class=\"elementor-element elementor-element-c54f78f e-con-full e-flex e-con e-child\" data-id=\"c54f78f\" data-element_type=\"container\" data-e-type=\"container\">\n\t\t\t\t<div class=\"elementor-element elementor-element-4b1df3b elementor-widget elementor-widget-heading\" data-id=\"4b1df3b\" data-element_type=\"widget\" data-e-type=\"widget\" data-widget_type=\"heading.default\">\n\t\t\t\t\t<h2 class=\"elementor-heading-title elementor-size-default\">A partir do solst\u00edcio de dezembro de 2028 - o dia mais curto do ano - a humanidade \u00e9 convidada a adotar uma forma renovada de contar o tempo.<\/h2><\/h2>\t\t\t\t<\/div>\n\t\t\t\t<\/div>\n\t\t<div class=\"elementor-element elementor-element-5685cf1 e-con-full e-flex e-con e-child\" data-id=\"5685cf1\" data-element_type=\"container\" data-e-type=\"container\">\n\t\t\t\t<div class=\"elementor-element elementor-element-3ea77b0 elementor-widget elementor-widget-heading\" data-id=\"3ea77b0\" data-element_type=\"widget\" data-e-type=\"widget\" data-widget_type=\"heading.default\">\n\t\t\t\t\t<h2 class=\"elementor-heading-title elementor-size-default\">Esse novo sistema se alinha com os ritmos da natureza: 13 meses lunares, cada um com dura\u00e7\u00e3o de 28 dias, em um total de 364 dias.<\/h2>\t\t\t\t<\/div>\n\t\t\t\t<\/div>\n\t\t<div class=\"elementor-element elementor-element-75592d0 e-con-full e-flex e-con e-child\" data-id=\"75592d0\" data-element_type=\"container\" data-e-type=\"container\">\n\t\t\t\t<div class=\"elementor-element elementor-element-05a9690 elementor-widget elementor-widget-heading\" data-id=\"05a9690\" data-element_type=\"widget\" data-e-type=\"widget\" data-widget_type=\"heading.default\">\n\t\t\t\t\t<h2 class=\"elementor-heading-title elementor-size-default\">Um dia neutro chamado \"Dia Zero\" \u00e9 adicionado no in\u00edcio do ano para completar o 365\u00ba dia solar.<\/h2>\t\t\t\t<\/div>\n\t\t\t\t<\/div>\n\t\t\t\t<\/div>\n\t\t\t\t\t<\/div>\n\t\t\t\t<\/div>\n\t\t<div class=\"elementor-element elementor-element-d1b32c3 e-flex e-con-boxed e-con e-parent\" data-id=\"d1b32c3\" data-element_type=\"container\" data-e-type=\"container\">\n\t\t\t\t\t<div class=\"e-con-inner\">\n\t\t\t\t\t<\/div>\n\t\t\t\t<\/div>\n\t\t<div class=\"elementor-element elementor-element-1f3fae4 e-flex e-con-boxed e-con e-parent\" data-id=\"1f3fae4\" data-element_type=\"container\" data-e-type=\"container\">\n\t\t\t\t\t<div class=\"e-con-inner\">\n\t\t\t\t<div class=\"elementor-element elementor-element-c652347 elementor-widget elementor-widget-heading\" data-id=\"c652347\" data-element_type=\"widget\" data-e-type=\"widget\" data-widget_type=\"heading.default\">\n\t\t\t\t\t<h2 class=\"elementor-heading-title elementor-size-default\">\n<h3 class=\"wp-block-heading\">A moeda<\/h3>\n\n<\/h2>\t\t\t\t<\/div>\n\t\t\t\t\t<\/div>\n\t\t\t\t<\/div>\n\t\t<div class=\"elementor-element elementor-element-b18bac5 e-flex e-con-boxed e-con e-parent\" data-id=\"b18bac5\" data-element_type=\"container\" data-e-type=\"container\">\n\t\t\t\t\t<div class=\"e-con-inner\">\n\t\t<div class=\"elementor-element elementor-element-09c8d92 e-con-full e-flex e-con e-child\" data-id=\"09c8d92\" data-element_type=\"container\" data-e-type=\"container\" data-settings=\"{&quot;background_background&quot;:&quot;classic&quot;}\">\n\t\t\t\t<\/div>\n\t\t<div class=\"elementor-element elementor-element-6a9759a e-con-full e-flex e-con e-child\" data-id=\"6a9759a\" data-element_type=\"container\" data-e-type=\"container\">\n\t\t<div class=\"elementor-element elementor-element-ac2124f e-con-full e-flex e-con e-child\" data-id=\"ac2124f\" data-element_type=\"container\" data-e-type=\"container\">\n\t\t\t\t<div class=\"elementor-element elementor-element-3860250 elementor-widget elementor-widget-heading\" data-id=\"3860250\" data-element_type=\"widget\" data-e-type=\"widget\" data-widget_type=\"heading.default\">\n\t\t\t\t\t<h2 class=\"elementor-heading-title elementor-size-default\">Zero: um dinheiro p\u00f3s-capitalista que circula livremente e ap\u00f3ia a vida em vez da acumula\u00e7\u00e3o.<\/h2>\t\t\t\t<\/div>\n\t\t\t\t<\/div>\n\t\t<div class=\"elementor-element elementor-element-b32a7c9 e-con-full e-flex e-con e-child\" data-id=\"b32a7c9\" data-element_type=\"container\" data-e-type=\"container\">\n\t\t\t\t<div class=\"elementor-element elementor-element-fee9202 elementor-widget elementor-widget-heading\" data-id=\"fee9202\" data-element_type=\"widget\" data-e-type=\"widget\" data-widget_type=\"heading.default\">\n\t\t\t\t\t<h2 class=\"elementor-heading-title elementor-size-default\">O zero \u00e9 uma moeda universal n\u00e3o especulativa, projetada para circular e expirar.\nCada ser humano recebe um fluxo mensal, destinado a ser usado, compartilhado e regenerado.<\/h2>\t\t\t\t<\/div>\n\t\t\t\t<\/div>\n\t\t<div class=\"elementor-element elementor-element-aa62b42 e-con-full e-flex e-con e-child\" data-id=\"aa62b42\" data-element_type=\"container\" data-e-type=\"container\">\n\t\t\t\t<div class=\"elementor-element elementor-element-c637659 elementor-widget elementor-widget-heading\" data-id=\"c637659\" data-element_type=\"widget\" data-e-type=\"widget\" data-widget_type=\"heading.default\">\n\t\t\t\t\t<h2 class=\"elementor-heading-title elementor-size-default\">Sem d\u00edvidas. Sem acumula\u00e7\u00e3o. Sem juros.<\/h2>\t\t\t\t<\/div>\n\t\t\t\t<\/div>\n\t\t\t\t<\/div>\n\t\t\t\t\t<\/div>\n\t\t\t\t<\/div>\n\t\t<div class=\"elementor-element elementor-element-ee2a755 e-flex e-con-boxed e-con e-parent\" data-id=\"ee2a755\" data-element_type=\"container\" data-e-type=\"container\">\n\t\t\t\t\t<div class=\"e-con-inner\">\n\t\t\t\t<div class=\"elementor-element elementor-element-52e695a elementor-widget elementor-widget-spacer\" data-id=\"52e695a\" data-element_type=\"widget\" data-e-type=\"widget\" data-widget_type=\"spacer.default\">\n\t\t\t\t\t\t\t<div class=\"elementor-spacer\">\n\t\t\t<div class=\"elementor-spacer-inner\"><\/div>\n\t\t<\/div>\n\t\t\t\t\t\t<\/div>\n\t\t<div class=\"elementor-element elementor-element-a0c7dad e-con-full e-flex e-con e-child\" data-id=\"a0c7dad\" data-element_type=\"container\" data-e-type=\"container\">\n\t\t\t\t<div class=\"elementor-element elementor-element-b76f95a elementor-widget-divider--view-line elementor-widget elementor-widget-divider\" data-id=\"b76f95a\" data-element_type=\"widget\" data-e-type=\"widget\" data-widget_type=\"divider.default\">\n\t\t\t\t\t\t\t<div class=\"elementor-divider\">\n\t\t\t<span class=\"elementor-divider-separator\">\n\t\t\t\t\t\t<\/span>\n\t\t<\/div>\n\t\t\t\t\t\t<\/div>\n\t\t\t\t<\/div>\n\t\t\t\t\t<\/div>\n\t\t\t\t<\/div>\n\t\t<div class=\"elementor-element elementor-element-c140da9 e-flex e-con-boxed e-con e-parent\" data-id=\"c140da9\" data-element_type=\"container\" data-e-type=\"container\">\n\t\t\t\t\t<div class=\"e-con-inner\">\n\t\t\t\t<div class=\"elementor-element elementor-element-afb2fd9 elementor-widget elementor-widget-html\" data-id=\"afb2fd9\" data-element_type=\"widget\" data-e-type=\"widget\" data-widget_type=\"html.default\">\n\t\t\t\t\t<h3>Vivendo no fluxo<\/h3>\r\n<p><h4>Em vez de armazenar riqueza, o Zero nos convida a participar de um fluxo cont\u00ednuo de trocas. Ele d\u00e1 suporte a necessidades coletivas, contextos locais e projetos criativos - tudo regido por um sistema transparente que mistura IA e intelig\u00eancia participativa.<\/p>\r\n<blockquote>\"Zero n\u00e3o \u00e9 o fim - \u00e9 a pausa antes da cria\u00e7\u00e3o.\"<\/blockquote>\t\t\t\t<\/div>\n\t\t\t\t\t<\/div>\n\t\t\t\t<\/div>\n\t\t<div class=\"elementor-element elementor-element-d9d16a8 e-flex e-con-boxed e-con e-parent\" data-id=\"d9d16a8\" data-element_type=\"container\" data-e-type=\"container\">\n\t\t\t\t\t<div class=\"e-con-inner\">\n\t\t\t\t<div class=\"elementor-element elementor-element-72361cf elementor-widget elementor-widget-html\" data-id=\"72361cf\" data-element_type=\"widget\" data-e-type=\"widget\" data-widget_type=\"html.default\">\n\t\t\t\t\t<h3>Um novo tempo para a humanidade<\/h3>\r\n<p><h4>O calend\u00e1rio de 13 meses e a moeda Zero foram projetados para trabalhar juntos, alinhando a vida humana com os ciclos naturais e restaurando o significado do tempo e do valor.<\/p>\t\t\t\t<\/div>\n\t\t\t\t\t<\/div>\n\t\t\t\t<\/div>\n\t\t<div class=\"elementor-element elementor-element-a610ef2 e-flex e-con-boxed e-con e-parent\" data-id=\"a610ef2\" data-element_type=\"container\" data-e-type=\"container\">\n\t\t\t\t\t<div class=\"e-con-inner\">\n\t\t\t\t<div class=\"elementor-element elementor-element-32b169a elementor-widget elementor-widget-html\" data-id=\"32b169a\" data-element_type=\"widget\" data-e-type=\"widget\" data-widget_type=\"html.default\">\n\t\t\t\t\t<h3>Participe da transi\u00e7\u00e3o<\/h3>\r\n<p><h4>O Year Zero n\u00e3o \u00e9 um sistema pronto - \u00e9 um convite. Voc\u00ea \u00e9 bem-vindo a participar, compartilhar ideias, experimentar ou simplesmente refletir. Este tamb\u00e9m \u00e9 o seu momento.<\/p>\r\n<p style=\"text-align: center;\"><strong>\ud83d\udd17 <a href=\"https:\/\/yearzerochange.org\/pt\/\">Visite yearzerochange.org<\/a><\/strong><\/p>\t\t\t\t<\/div>\n\t\t\t\t\t<\/div>\n\t\t\t\t<\/div>\n\t\t\t\t<\/div>","protected":false},"excerpt":{"rendered":"<p>Year Zero Change is a universal initiative to reimagine our relationship to time and economy. It offers a poetic, scientific and inclusive framework for the future: a 13-month calendar and a new currency called Zero, designed to ensure everyone&#8217;s basic needs without speculation. The Calendar Starting at the December solstice in 2028 \u2014 the shortest&hellip;&nbsp;<a href=\"https:\/\/yearzerochange.org\/pt\/\" rel=\"bookmark\"><span class=\"screen-reader-text\">Zero Year Change &#8211; reimagining the futur<\/span><\/a><\/p>","protected":false},"author":1,"featured_media":0,"parent":0,"menu_order":0,"comment_status":"closed","ping_status":"closed","template":"page-templates\/template-pagebuilder-full-width.php","meta":{"om_disable_all_campaigns":false,"_monsterinsights_skip_tracking":false,"_monsterinsights_sitenote_active":false,"_monsterinsights_sitenote_note":"","_monsterinsights_sitenote_category":0,"_uf_show_specific_survey":0,"_uf_disable_surveys":false,"neve_meta_sidebar":"","neve_meta_container":"","neve_meta_enable_content_width":"","neve_meta_content_width":0,"neve_meta_title_alignment":"","neve_meta_author_avatar":"","neve_post_elements_order":"","neve_meta_disable_header":"","neve_meta_disable_footer":"","neve_meta_disable_title":"","neve_meta_reading_time":"","footnotes":""},"class_list":["post-742","page","type-page","status-publish","hentry"],"aioseo_notices":[],"_links":{"self":[{"href":"https:\/\/yearzerochange.org\/pt\/wp-json\/wp\/v2\/pages\/742","targetHints":{"allow":["GET"]}}],"collection":[{"href":"https:\/\/yearzerochange.org\/pt\/wp-json\/wp\/v2\/pages"}],"about":[{"href":"https:\/\/yearzerochange.org\/pt\/wp-json\/wp\/v2\/types\/page"}],"author":[{"embeddable":true,"href":"https:\/\/yearzerochange.org\/pt\/wp-json\/wp\/v2\/users\/1"}],"replies":[{"embeddable":true,"href":"https:\/\/yearzerochange.org\/pt\/wp-json\/wp\/v2\/comments?post=742"}],"version-history":[{"count":216,"href":"https:\/\/yearzerochange.org\/pt\/wp-json\/wp\/v2\/pages\/742\/revisions"}],"predecessor-version":[{"id":1219,"href":"https:\/\/yearzerochange.org\/pt\/wp-json\/wp\/v2\/pages\/742\/revisions\/1219"}],"wp:attachment":[{"href":"https:\/\/yearzerochange.org\/pt\/wp-json\/wp\/v2\/media?parent=742"}],"curies":[{"name":"wp","href":"https:\/\/api.w.org\/{rel}","templated":true}]}}