{"id":709,"date":"2025-07-28T15:40:00","date_gmt":"2025-07-28T15:40:00","guid":{"rendered":"https:\/\/yearzerochange.org\/?page_id=709"},"modified":"2025-07-30T09:50:19","modified_gmt":"2025-07-30T09:50:19","slug":"zerar-a-moeda","status":"publish","type":"page","link":"https:\/\/yearzerochange.org\/pt\/zero-the-currency\/","title":{"rendered":"Zero - A moeda"},"content":{"rendered":"<div data-elementor-type=\"wp-page\" data-elementor-id=\"709\" class=\"elementor elementor-709\">\n\t\t\t\t<div class=\"elementor-element elementor-element-2679077 e-flex e-con-boxed e-con e-parent\" data-id=\"2679077\" data-element_type=\"container\" data-e-type=\"container\">\n\t\t\t\t\t<div class=\"e-con-inner\">\n\t\t\t\t<div class=\"elementor-element elementor-element-e82c4ec elementor-widget elementor-widget-html\" data-id=\"e82c4ec\" data-element_type=\"widget\" data-e-type=\"widget\" data-widget_type=\"html.default\">\n\t\t\t\t\t<div class=\"boxed-container\" style=\"max-width: 880px; margin: auto; background: #fdfcf9; padding: 3em; border-radius: 16px; font-family: 'Segoe UI', sans-serif; color: #1d1d1d; line-height: 1.6;\">\r\n  <h2 style=\"text-align: center; color: #2c4e3a;\">\ud83c\udf00 ZERO - A moeda de outro mundo<\/h2>\r\n\r\n  <h3>Por que uma nova moeda?<\/h3>\r\n  <p><em>\"E se o dinheiro n\u00e3o fosse uma quest\u00e3o de acumula\u00e7\u00e3o, mas de circula\u00e7\u00e3o, regenera\u00e7\u00e3o e confian\u00e7a?\"<\/em><\/p>\r\n  <p>Os sistemas monet\u00e1rios atuais incentivam o ac\u00famulo, a especula\u00e7\u00e3o e a desigualdade. <strong>Zero<\/strong> \u00e9 uma moeda universal, n\u00e3o especulativa, criada para garantir o acesso a necessidades essenciais. Ela reflete os mesmos princ\u00edpios do calend\u00e1rio do Ano Zero: <strong>redefini\u00e7\u00e3o, ritmo e intelig\u00eancia coletiva<\/strong>.<\/p>\r\n\r\n  <h3>O que \u00e9 o Zero?<\/h3>\r\n  <ul>\r\n    <li>\ud83c\udf10 <strong>Uma moeda digital<\/strong> ancorados na confian\u00e7a, n\u00e3o nos mercados.<\/li>\r\n    <li>\ud83d\uded1 <strong>Sem juros, sem acumula\u00e7\u00e3o<\/strong>O que \u00e9 um problema: n\u00e3o pode ser infinitamente armazenado ou especulado.<\/li>\r\n    <li>\u267b\ufe0f <strong>L\u00f3gica de expira\u00e7\u00e3o<\/strong>As unidades expiram ap\u00f3s um per\u00edodo definido, promovendo o fluxo em vez do ac\u00famulo.<\/li>\r\n    <li>\ud83e\udd16 <strong>IA + governan\u00e7a humana<\/strong>: gerenciado por votos coletivos e l\u00f3gica algor\u00edtmica assistida.<\/li>\r\n  <\/ul>\r\n\r\n  <h3>\ud83d\udd01 Princ\u00edpios fundamentais<\/h3>\r\n  <table style=\"width: 100%; border-collapse: collapse; margin-top: 1em;\">\r\n    <thead>\r\n      <tr style=\"background-color: #e9f4eb;\">\r\n        <th style=\"padding: 0.6em; text-align: left;\">Princ\u00edpio<\/th>\r\n        <th style=\"padding: 0.6em; text-align: left;\">Descri\u00e7\u00e3o<\/th>\r\n      <\/tr>\r\n    <\/thead>\r\n    <tbody>\r\n      <tr>\r\n        <td style=\"padding: 0.6em;\">\ud83d\udd4a\ufe0f N\u00e3o especulativo<\/td>\r\n        <td style=\"padding: 0.6em;\">N\u00e3o pode ser negociado ou investido como criptomoedas ou moedas fiduci\u00e1rias.<\/td>\r\n      <\/tr>\r\n      <tr style=\"background-color: #f8fbf9;\">\r\n        <td style=\"padding: 0.6em;\">\u23f3 Expirando<\/td>\r\n        <td style=\"padding: 0.6em;\">Circula constantemente - como a respira\u00e7\u00e3o ou as esta\u00e7\u00f5es do ano.<\/td>\r\n      <\/tr>\r\n      <tr>\r\n        <td style=\"padding: 0.6em;\">\ud83d\udc65 Universal<\/td>\r\n        <td style=\"padding: 0.6em;\">Todo ser humano pode acessar um valor base mensal.<\/td>\r\n      <\/tr>\r\n      <tr style=\"background-color: #f8fbf9;\">\r\n        <td style=\"padding: 0.6em;\">\ud83e\udde0 Inteligente<\/td>\r\n        <td style=\"padding: 0.6em;\">Gerenciado por escolha coletiva e l\u00f3gica alimentada por IA.<\/td>\r\n      <\/tr>\r\n      <tr>\r\n        <td style=\"padding: 0.6em;\">\ud83d\udd10 Transparente<\/td>\r\n        <td style=\"padding: 0.6em;\">Governan\u00e7a aberta, audit\u00e1vel, algoritmicamente justa.<\/td>\r\n      <\/tr>\r\n    <\/tbody>\r\n  <\/table>\r\n\r\n  <h3>Exemplos de casos de uso<\/h3>\r\n  <ul>\r\n    <li>Voc\u00ea recebe <strong>100 Zero por m\u00eas<\/strong>.<\/li>\r\n    <li>Voc\u00ea o utiliza para acessar itens essenciais: alimentos, energia, mobilidade, servi\u00e7os comunit\u00e1rios.<\/li>\r\n    <li>Surgem redes locais de cooperativas de reconhecimento zero.<\/li>\r\n    <li>Voc\u00eas n\u00e3o podem ficar mais ricos, mas podem prosperar juntos.<\/li>\r\n  <\/ul>\r\n\r\n  <h3>Quem decide?<\/h3>\r\n  <p><em>Governan\u00e7a = votos coletivos + recomenda\u00e7\u00f5es de IA<\/em><\/p>\r\n  <ul>\r\n    <li>A <strong>protocolo transparente<\/strong> garante uma distribui\u00e7\u00e3o justa e evolutiva.<\/li>\r\n    <li><strong>Prioridades da comunidade<\/strong> moldar as metas: sa\u00fade, clima, educa\u00e7\u00e3o...<\/li>\r\n    <li><strong>Assist\u00eancias de IA<\/strong> em log\u00edstica e patrim\u00f4nio - nunca substitui a contribui\u00e7\u00e3o humana.<\/li>\r\n  <\/ul>\r\n\r\n  <h3>\ud83c\udf31 Zero como um ecossistema<\/h3>\r\n  <p>O Zero n\u00e3o \u00e9 apenas um meio de troca - \u00e9 um ritmo, um novo contrato entre os seres humanos, a natureza e a tecnologia. Ele foi projetado para funcionar em harmonia com o <strong>Calend\u00e1rio do Ano Zero<\/strong> e para apoiar <strong>redes locais, \u00e9ticas e regenerativas<\/strong>.<\/p>\r\n\r\n  <p>Ele tamb\u00e9m \u00e9 de c\u00f3digo aberto, transparente e orientado por uma vis\u00e3o de longo prazo de <strong>abund\u00e2ncia compartilhada sem especula\u00e7\u00e3o<\/strong>.<\/p>\r\n\r\n  <h3>\ud83d\udd0d Saiba mais<\/h3>\r\n  <p>\ud83d\udc49 <a href=\"https:\/\/yearzerochange.org\/pt\/vivendo-com-zero\/\" style=\"color: #2c4e3a; text-decoration: underline;\">Explore as perguntas frequentes \"Living with Zero\" (Viver com zero)<\/a><\/p>\r\n\r\n  <p style=\"text-align: center; font-style: italic; margin-top: 2em;\">\"A verdadeira riqueza de uma civiliza\u00e7\u00e3o n\u00e3o \u00e9 o que ela armazena, mas o que ela compartilha.\"<\/p>\r\n<\/div>\r\n\t\t\t\t<\/div>\n\t\t\t\t\t<\/div>\n\t\t\t\t<\/div>\n\t\t\t\t<\/div>","protected":false},"excerpt":{"rendered":"<p>\ud83c\udf00 ZERO \u2013 The Currency of Another World \ud83c\udf0d Why a New Currency? \u201cWhat if money wasn\u2019t about accumulation, but about circulation, regeneration, and trust?\u201d The current monetary systems encourage hoarding, speculation, and inequality. Zero is a non-speculative, universal currency designed to ensure access to essential needs. It reflects the same principles as the Year&hellip;&nbsp;<a href=\"https:\/\/yearzerochange.org\/pt\/zero-the-currency\/\" rel=\"bookmark\"><span class=\"screen-reader-text\">Zero - A moeda<\/span><\/a><\/p>","protected":false},"author":1,"featured_media":0,"parent":0,"menu_order":0,"comment_status":"closed","ping_status":"closed","template":"","meta":{"om_disable_all_campaigns":false,"_monsterinsights_skip_tracking":false,"_monsterinsights_sitenote_active":false,"_monsterinsights_sitenote_note":"","_monsterinsights_sitenote_category":0,"_uf_show_specific_survey":0,"_uf_disable_surveys":false,"neve_meta_sidebar":"","neve_meta_container":"","neve_meta_enable_content_width":"","neve_meta_content_width":0,"neve_meta_title_alignment":"","neve_meta_author_avatar":"","neve_post_elements_order":"","neve_meta_disable_header":"","neve_meta_disable_footer":"","neve_meta_disable_title":"","neve_meta_reading_time":"","footnotes":""},"class_list":["post-709","page","type-page","status-publish","hentry"],"aioseo_notices":[],"_links":{"self":[{"href":"https:\/\/yearzerochange.org\/pt\/wp-json\/wp\/v2\/pages\/709","targetHints":{"allow":["GET"]}}],"collection":[{"href":"https:\/\/yearzerochange.org\/pt\/wp-json\/wp\/v2\/pages"}],"about":[{"href":"https:\/\/yearzerochange.org\/pt\/wp-json\/wp\/v2\/types\/page"}],"author":[{"embeddable":true,"href":"https:\/\/yearzerochange.org\/pt\/wp-json\/wp\/v2\/users\/1"}],"replies":[{"embeddable":true,"href":"https:\/\/yearzerochange.org\/pt\/wp-json\/wp\/v2\/comments?post=709"}],"version-history":[{"count":4,"href":"https:\/\/yearzerochange.org\/pt\/wp-json\/wp\/v2\/pages\/709\/revisions"}],"predecessor-version":[{"id":1025,"href":"https:\/\/yearzerochange.org\/pt\/wp-json\/wp\/v2\/pages\/709\/revisions\/1025"}],"wp:attachment":[{"href":"https:\/\/yearzerochange.org\/pt\/wp-json\/wp\/v2\/media?parent=709"}],"curies":[{"name":"wp","href":"https:\/\/api.w.org\/{rel}","templated":true}]}}