{"id":60,"date":"2025-06-21T16:30:42","date_gmt":"2025-06-21T16:30:42","guid":{"rendered":"https:\/\/yearzerochange.org\/?page_id=60"},"modified":"2025-07-30T12:50:52","modified_gmt":"2025-07-30T12:50:52","slug":"p-e-r-g-u-n-t-a-s-frequentes","status":"publish","type":"page","link":"https:\/\/yearzerochange.org\/pt\/f-a-q\/","title":{"rendered":"P.F. \u2013 Tempo e Calend\u00e1rio"},"content":{"rendered":"<div data-elementor-type=\"wp-page\" data-elementor-id=\"60\" class=\"elementor elementor-60\">\n\t\t\t\t<div class=\"elementor-element elementor-element-764f723 e-flex e-con-boxed e-con e-parent\" data-id=\"764f723\" data-element_type=\"container\" data-e-type=\"container\">\n\t\t\t\t\t<div class=\"e-con-inner\">\n\t\t\t\t<div class=\"elementor-element elementor-element-d3b3aac elementor-widget elementor-widget-heading\" data-id=\"d3b3aac\" data-element_type=\"widget\" data-e-type=\"widget\" data-widget_type=\"heading.default\">\n\t\t\t\t\t<h2 class=\"elementor-heading-title elementor-size-default\">F.A.Q. - Hora e Calend\u00e1rio<\/h2>\t\t\t\t<\/div>\n\t\t\t\t\t<\/div>\n\t\t\t\t<\/div>\n\t\t<div class=\"elementor-element elementor-element-f8f187c e-flex e-con-boxed e-con e-parent\" data-id=\"f8f187c\" data-element_type=\"container\" data-e-type=\"container\">\n\t\t\t\t\t<div class=\"e-con-inner\">\n\t\t\t\t<div class=\"elementor-element elementor-element-68dacf6 elementor-widget elementor-widget-html\" data-id=\"68dacf6\" data-element_type=\"widget\" data-e-type=\"widget\" data-widget_type=\"html.default\">\n\t\t\t\t\t<div class=\"boxed-container\">\r\n\r\n  <h2 style=\"text-align: center;\">\ud83d\udcda FAQ \u2014 O Calend\u00e1rio de 13 Meses<\/h2>\r\n\r\n  <div class=\"faq-box\">\r\n    <h3>\ud83d\udcdc Por que reformar o calend\u00e1rio?<\/h3>\r\n    <p>Nosso calend\u00e1rio atual \u00e9 irregular, historicamente arbitr\u00e1rio e desconectado da natureza. Um novo sistema permite clareza, ritmo e reconex\u00e3o com os ciclos lunares e biol\u00f3gicos.<\/p>\r\n  <\/div>\r\n\r\n  <div class=\"faq-box\">\r\n    <h3>\ud83c\udf19 Por que 13 meses?<\/h3>\r\n    <p>Porque 13 ciclos lunares (~28 dias) se encaixam naturalmente em um ano solar. A estrutura de 13 \u00d7 28 simplifica o tempo e reflete ritmos org\u00e2nicos encontrados nos corpos humanos e na natureza.<\/p>\r\n  <\/div>\r\n\r\n  <div class=\"faq-box\">\r\n    <h3>\ud83d\udcc6 Por que come\u00e7ar em 2028?<\/h3>\r\n    <p>2028 marca um limiar tanto simb\u00f3lico quanto pr\u00e1tico \u2014 o ponto onde a consci\u00eancia coletiva, a IA e a urg\u00eancia ecol\u00f3gica convergem. \u00c9 proposto como o Ano Zero para uma redefini\u00e7\u00e3o global.<\/p>\r\n  <\/div>\r\n\r\n  <div class=\"faq-box\">\r\n    <h3>\u23f3 O que s\u00e3o dias neutros?<\/h3>\r\n    <p>S\u00e3o dias fora do ciclo de semana e m\u00eas. Um \"Dia Zero\" \u00e9 adicionado a cada ano (no solst\u00edcio de inverno), e um dia adicional a cada 4 anos (como um ano bissexto) para permanecer alinhado com o ciclo solar.<\/p>\r\n  <\/div>\r\n\r\n  <div class=\"faq-box\">\r\n    <h3>\ud83c\udf0d Isso \u00e9 universal ou simb\u00f3lico?<\/h3>\r\n    <p>Ambos. Pode ser usado de forma pr\u00e1tica, mas tamb\u00e9m existe como uma proposta po\u00e9tica coletiva \u2014 imaginar, redefinir e realinhar nossa rela\u00e7\u00e3o com o tempo.<\/p>\r\n  <\/div>\r\n\r\n  <div class=\"faq-box\">\r\n    <h3>\ud83e\udde0 Qual \u00e9 o papel da IA?<\/h3>\r\n    <p>A IA \u00e9 usada para sincronizar calend\u00e1rios tradicionais, auxiliar na coordena\u00e7\u00e3o e sugerir transi\u00e7\u00f5es ideais \u2014 mas nunca para impor. Ela atua como um suporte \u00e0 inten\u00e7\u00e3o humana.<\/p>\r\n  <\/div>\r\n\r\n  <div class=\"faq-box\">\r\n    <h3>\ud83c\udfa8 Isso \u00e9 uma utopia, um sistema ou uma obra de arte?<\/h3>\r\n    <p>\u00c9 tudo isso \u2014 uma ferramenta pr\u00e1tica, uma ruptura simb\u00f3lica e uma obra de arte coletiva em evolu\u00e7\u00e3o. Convida \u00e0 participa\u00e7\u00e3o, n\u00e3o ao dogma.<\/p>\r\n  <\/div>\r\n\r\n<\/div>\r\n\t\t\t\t<\/div>\n\t\t\t\t\t<\/div>\n\t\t\t\t<\/div>\n\t\t<div class=\"elementor-element elementor-element-f2c421b e-flex e-con-boxed e-con e-parent\" data-id=\"f2c421b\" data-element_type=\"container\" data-e-type=\"container\">\n\t\t\t\t\t<div class=\"e-con-inner\">\n\t\t\t\t\t<\/div>\n\t\t\t\t<\/div>\n\t\t\t\t<\/div>","protected":false},"excerpt":{"rendered":"<p>F.A.Q. &#8211; Time &amp; Calendar \ud83d\udcda FAQ \u2014 The 13-Month Calendar \ud83d\udcdc Why reform the calendar? Our current calendar is irregular, historically arbitrary, and disconnected from nature. A new system allows for clarity, rhythm, and reconnection with lunar and biological cycles. \ud83c\udf19 Why 13 months? Because 13 lunar cycles (~28 days) fit naturally into one&hellip;&nbsp;<a href=\"https:\/\/yearzerochange.org\/pt\/f-a-q\/\" rel=\"bookmark\"><span class=\"screen-reader-text\">P.F. \u2013 Tempo e Calend\u00e1rio<\/span><\/a><\/p>","protected":false},"author":1,"featured_media":0,"parent":0,"menu_order":0,"comment_status":"closed","ping_status":"closed","template":"","meta":{"om_disable_all_campaigns":false,"_monsterinsights_skip_tracking":false,"_monsterinsights_sitenote_active":false,"_monsterinsights_sitenote_note":"","_monsterinsights_sitenote_category":0,"_uf_show_specific_survey":0,"_uf_disable_surveys":false,"neve_meta_sidebar":"","neve_meta_container":"","neve_meta_enable_content_width":"","neve_meta_content_width":0,"neve_meta_title_alignment":"","neve_meta_author_avatar":"","neve_post_elements_order":"","neve_meta_disable_header":"","neve_meta_disable_footer":"","neve_meta_disable_title":"","neve_meta_reading_time":"","footnotes":""},"class_list":["post-60","page","type-page","status-publish","hentry"],"aioseo_notices":[],"_links":{"self":[{"href":"https:\/\/yearzerochange.org\/pt\/wp-json\/wp\/v2\/pages\/60","targetHints":{"allow":["GET"]}}],"collection":[{"href":"https:\/\/yearzerochange.org\/pt\/wp-json\/wp\/v2\/pages"}],"about":[{"href":"https:\/\/yearzerochange.org\/pt\/wp-json\/wp\/v2\/types\/page"}],"author":[{"embeddable":true,"href":"https:\/\/yearzerochange.org\/pt\/wp-json\/wp\/v2\/users\/1"}],"replies":[{"embeddable":true,"href":"https:\/\/yearzerochange.org\/pt\/wp-json\/wp\/v2\/comments?post=60"}],"version-history":[{"count":51,"href":"https:\/\/yearzerochange.org\/pt\/wp-json\/wp\/v2\/pages\/60\/revisions"}],"predecessor-version":[{"id":1047,"href":"https:\/\/yearzerochange.org\/pt\/wp-json\/wp\/v2\/pages\/60\/revisions\/1047"}],"wp:attachment":[{"href":"https:\/\/yearzerochange.org\/pt\/wp-json\/wp\/v2\/media?parent=60"}],"curies":[{"name":"wp","href":"https:\/\/api.w.org\/{rel}","templated":true}]}}