{"id":534,"date":"2025-07-26T14:25:22","date_gmt":"2025-07-26T14:25:22","guid":{"rendered":"https:\/\/yearzerochange.org\/?page_id=534"},"modified":"2025-08-07T09:21:42","modified_gmt":"2025-08-07T09:21:42","slug":"aviso-legal-mencoes-legais","status":"publish","type":"page","link":"https:\/\/yearzerochange.org\/pt\/legal-notice-mentions-legales\/","title":{"rendered":"Aviso legal"},"content":{"rendered":"<div data-elementor-type=\"wp-page\" data-elementor-id=\"534\" class=\"elementor elementor-534\">\n\t\t\t\t<div class=\"elementor-element elementor-element-6a7152f5 e-flex e-con-boxed e-con e-parent\" data-id=\"6a7152f5\" data-element_type=\"container\" data-e-type=\"container\">\n\t\t\t\t\t<div class=\"e-con-inner\">\n\t\t\t\t<div class=\"elementor-element elementor-element-360377e2 elementor-widget elementor-widget-text-editor\" data-id=\"360377e2\" data-element_type=\"widget\" data-e-type=\"widget\" data-widget_type=\"text-editor.default\">\n\t\t\t\t\t\t\t\t\t<h2 class=\"wp-block-heading\" style=\"font-size: 32px; font-weight: bold; font-family: Inter, Arial, Helvetica, sans-serif; line-height: 1.2; letter-spacing: normal; text-transform: none;\">Ingl\u00eas<\/h2>\n<p><!-- \/wp:paragraph --><!-- wp:paragraph --><\/p>\n<p><strong>Local:<\/strong> https:\/\/yearzerochange.org<\/p>\n<p><!-- \/wp:paragraph --><!-- wp:paragraph --><\/p>\n<p><strong>Editor respons\u00e1vel:<\/strong> R\u00e9mi Blum-Jonqui\u00e8res<\/p>\n<p><!-- \/wp:paragraph --><!-- wp:paragraph --><\/p>\n<p><strong>Contato:<\/strong> contact@yearzerochange.org<\/p>\n<p><!-- \/wp:paragraph --><!-- wp:paragraph --><\/p>\n<p><strong>Propriedade intelectual:<\/strong><br \/>Todo o conte\u00fado (textos, imagens, gr\u00e1ficos, c\u00f3digo) \u00e9 de propriedade intelectual de seus autores, salvo indica\u00e7\u00e3o em contr\u00e1rio. Qualquer reprodu\u00e7\u00e3o ou uso comercial \u00e9 proibido sem o consentimento pr\u00e9vio por escrito.<\/p>\n<p><!-- \/wp:paragraph --><!-- wp:paragraph --><\/p>\n<p><strong>Marca registrada:<\/strong><br \/>O nome <strong>Ciclo Zero\u00ae<\/strong> e seu logotipo associado s\u00e3o marcas registradas registradas junto ao <em>Instituto Nacional da Propriedade Industrial (INPI)<\/em> de acordo com a legisla\u00e7\u00e3o francesa em 2025.<br \/>Classe 36 - Servi\u00e7os financeiros (moeda digital n\u00e3o especulativa)<br \/>Classe 42 - Tecnologias associadas (software e sistemas de governan\u00e7a h\u00edbridos)<\/p>\n<p><!-- \/wp:paragraph --><!-- wp:paragraph --><\/p>\n<p><strong>Isen\u00e7\u00e3o de responsabilidade:<\/strong><br \/>Este site prop\u00f5e uma abordagem filos\u00f3fica e explorat\u00f3ria dos sistemas de tempo e valor. Ele n\u00e3o oferece servi\u00e7os de investimento financeiro ou de negocia\u00e7\u00e3o. O projeto Cycle Zero n\u00e3o tem fins lucrativos e se baseia em princ\u00edpios de governan\u00e7a coletiva.<\/p>\n<p><!-- \/wp:paragraph --><!-- wp:separator --><\/p>\n<p><!-- \/wp:paragraph --><\/p>\t\t\t\t\t\t\t\t<\/div>\n\t\t\t\t\t<\/div>\n\t\t\t\t<\/div>\n\t\t\t\t<\/div>","protected":false},"excerpt":{"rendered":"<p>English Site: https:\/\/yearzerochange.org Responsible editor: R\u00e9mi Blum-Jonqui\u00e8res Contact: contact@yearzerochange.org Intellectual property:All contents (texts, images, graphics, code) are the intellectual property of their authors unless stated otherwise. Any reproduction or commercial use is prohibited without prior written consent. Trademark:The name Cycle Zero\u00ae and its associated logo are registered trademarks filed with the Institut National de la&hellip;&nbsp;<a href=\"https:\/\/yearzerochange.org\/pt\/legal-notice-mentions-legales\/\" rel=\"bookmark\"><span class=\"screen-reader-text\">Aviso legal<\/span><\/a><\/p>","protected":false},"author":1,"featured_media":0,"parent":0,"menu_order":0,"comment_status":"closed","ping_status":"closed","template":"","meta":{"om_disable_all_campaigns":false,"_monsterinsights_skip_tracking":false,"_monsterinsights_sitenote_active":false,"_monsterinsights_sitenote_note":"","_monsterinsights_sitenote_category":0,"_uf_show_specific_survey":0,"_uf_disable_surveys":false,"neve_meta_sidebar":"","neve_meta_container":"","neve_meta_enable_content_width":"","neve_meta_content_width":0,"neve_meta_title_alignment":"","neve_meta_author_avatar":"","neve_post_elements_order":"","neve_meta_disable_header":"","neve_meta_disable_footer":"","neve_meta_disable_title":"","neve_meta_reading_time":"","footnotes":""},"class_list":["post-534","page","type-page","status-publish","hentry"],"aioseo_notices":[],"_links":{"self":[{"href":"https:\/\/yearzerochange.org\/pt\/wp-json\/wp\/v2\/pages\/534","targetHints":{"allow":["GET"]}}],"collection":[{"href":"https:\/\/yearzerochange.org\/pt\/wp-json\/wp\/v2\/pages"}],"about":[{"href":"https:\/\/yearzerochange.org\/pt\/wp-json\/wp\/v2\/types\/page"}],"author":[{"embeddable":true,"href":"https:\/\/yearzerochange.org\/pt\/wp-json\/wp\/v2\/users\/1"}],"replies":[{"embeddable":true,"href":"https:\/\/yearzerochange.org\/pt\/wp-json\/wp\/v2\/comments?post=534"}],"version-history":[{"count":8,"href":"https:\/\/yearzerochange.org\/pt\/wp-json\/wp\/v2\/pages\/534\/revisions"}],"predecessor-version":[{"id":1230,"href":"https:\/\/yearzerochange.org\/pt\/wp-json\/wp\/v2\/pages\/534\/revisions\/1230"}],"wp:attachment":[{"href":"https:\/\/yearzerochange.org\/pt\/wp-json\/wp\/v2\/media?parent=534"}],"curies":[{"name":"wp","href":"https:\/\/api.w.org\/{rel}","templated":true}]}}