{"id":437,"date":"2025-07-25T13:44:31","date_gmt":"2025-07-25T13:44:31","guid":{"rendered":"https:\/\/yearzerochange.org\/?page_id=437"},"modified":"2025-07-30T12:53:35","modified_gmt":"2025-07-30T12:53:35","slug":"vivendo-com-zero","status":"publish","type":"page","link":"https:\/\/yearzerochange.org\/pt\/living-with-zero\/","title":{"rendered":"F.A.Q. - Vivendo com Zero"},"content":{"rendered":"<div data-elementor-type=\"wp-page\" data-elementor-id=\"437\" class=\"elementor elementor-437\">\n\t\t\t\t<div class=\"elementor-element elementor-element-4864a1a e-flex e-con-boxed e-con e-parent\" data-id=\"4864a1a\" data-element_type=\"container\" data-e-type=\"container\">\n\t\t\t\t\t<div class=\"e-con-inner\">\n\t\t<div class=\"elementor-element elementor-element-0861495 e-con-full e-flex e-con e-child\" data-id=\"0861495\" data-element_type=\"container\" data-e-type=\"container\">\n\t\t\t\t<\/div>\n\t\t\t\t\t<\/div>\n\t\t\t\t<\/div>\n\t\t<div class=\"elementor-element elementor-element-ed878a7 e-flex e-con-boxed e-con e-parent\" data-id=\"ed878a7\" data-element_type=\"container\" data-e-type=\"container\">\n\t\t\t\t\t<div class=\"e-con-inner\">\n\t\t\t\t<div class=\"elementor-element elementor-element-b8caa5c elementor-widget elementor-widget-html\" data-id=\"b8caa5c\" data-element_type=\"widget\" data-e-type=\"widget\" data-widget_type=\"html.default\">\n\t\t\t\t\t<div class=\"boxed-container\">\r\n\r\n  <h2 style=\"text-align: center;\">\ud83d\udcb8 Perguntas frequentes - Living with Zero<\/h2>\r\n\r\n  <div class=\"faq-box\">\r\n    <h3>O que \u00e9 o Zero?<\/h3>\r\n    <p>Uma moeda \u00e9tica e n\u00e3o especulativa projetada para circular, n\u00e3o para acumular. Ela garante o acesso \u00e0s necessidades b\u00e1sicas e resiste \u00e0 l\u00f3gica financeira tradicional.<\/p>\r\n  <\/div>\r\n\r\n  <div class=\"faq-box\">\r\n    <h3>Por que o Zero expira?<\/h3>\r\n    <p>Porque sua finalidade \u00e9 fluir, como a respira\u00e7\u00e3o ou a \u00e1gua. A expira\u00e7\u00e3o evita o ac\u00famulo e promove uma redistribui\u00e7\u00e3o cont\u00ednua com base na necessidade e no tempo.<\/p>\r\n  <\/div>\r\n\r\n  <div class=\"faq-box\">\r\n    <h3>Como funciona a distribui\u00e7\u00e3o?<\/h3>\r\n    <p>Cada pessoa recebe uma quantia mensal. Um sistema apoiado por IA ajuda a alocar recursos de acordo com a urg\u00eancia, a escassez e a justi\u00e7a - sempre revisado pela governan\u00e7a humana.<\/p>\r\n  <\/div>\r\n\r\n  <div class=\"faq-box\">\r\n    <h3>O Zero pode substituir as moedas existentes?<\/h3>\r\n    <p>N\u00e3o. Ele n\u00e3o foi projetado para competir ou dominar. Ela coexiste, atende a ecossistemas espec\u00edficos (moradia, alimenta\u00e7\u00e3o, energia...) e abre novas l\u00f3gicas de valor.<\/p>\r\n  <\/div>\r\n\r\n  <div class=\"faq-box\">\r\n    <h3>Quem controla o Zero?<\/h3>\r\n    <p>O Zero \u00e9 governado por um sistema h\u00edbrido: algoritmos transparentes + contribui\u00e7\u00e3o participativa. Ele evita a especula\u00e7\u00e3o, prioriza a coopera\u00e7\u00e3o e se adapta \u00e0s necessidades reais.<\/p>\r\n  <\/div>\r\n\r\n  <div class=\"faq-box\">\r\n    <h3>O Zero \u00e9 apenas uma moeda?<\/h3>\r\n    <p>\u00c9 tamb\u00e9m um s\u00edmbolo, um ritmo e um contrato coletivo - alinhado com o calend\u00e1rio de 13 meses. Ele prop\u00f5e uma nova rela\u00e7\u00e3o entre tempo, valor e comunidade.<\/p>\r\n  <\/div>\r\n\r\n<\/div>\r\n\t\t\t\t<\/div>\n\t\t\t\t\t<\/div>\n\t\t\t\t<\/div>\n\t\t\t\t<\/div>","protected":false},"excerpt":{"rendered":"<p>\ud83d\udcb8 FAQ \u2014 Living with Zero \ud83d\udca1 What is Zero? A non-speculative, ethical currency designed to circulate \u2014 not accumulate. It ensures access to basic needs while resisting traditional financial logics. \u23f3 Why does Zero expire? Because its purpose is to flow \u2014 like breath or water. Expiration prevents hoarding and supports a continuous redistribution&hellip;&nbsp;<a href=\"https:\/\/yearzerochange.org\/pt\/living-with-zero\/\" rel=\"bookmark\"><span class=\"screen-reader-text\">F.A.Q. - Vivendo com Zero<\/span><\/a><\/p>","protected":false},"author":1,"featured_media":0,"parent":0,"menu_order":0,"comment_status":"closed","ping_status":"closed","template":"page-templates\/template-pagebuilder-full-width.php","meta":{"om_disable_all_campaigns":false,"_monsterinsights_skip_tracking":false,"_monsterinsights_sitenote_active":false,"_monsterinsights_sitenote_note":"","_monsterinsights_sitenote_category":0,"_uf_show_specific_survey":0,"_uf_disable_surveys":false,"neve_meta_sidebar":"","neve_meta_container":"","neve_meta_enable_content_width":"","neve_meta_content_width":0,"neve_meta_title_alignment":"","neve_meta_author_avatar":"","neve_post_elements_order":"","neve_meta_disable_header":"","neve_meta_disable_footer":"","neve_meta_disable_title":"","neve_meta_reading_time":"","footnotes":""},"class_list":["post-437","page","type-page","status-publish","hentry"],"aioseo_notices":[],"_links":{"self":[{"href":"https:\/\/yearzerochange.org\/pt\/wp-json\/wp\/v2\/pages\/437","targetHints":{"allow":["GET"]}}],"collection":[{"href":"https:\/\/yearzerochange.org\/pt\/wp-json\/wp\/v2\/pages"}],"about":[{"href":"https:\/\/yearzerochange.org\/pt\/wp-json\/wp\/v2\/types\/page"}],"author":[{"embeddable":true,"href":"https:\/\/yearzerochange.org\/pt\/wp-json\/wp\/v2\/users\/1"}],"replies":[{"embeddable":true,"href":"https:\/\/yearzerochange.org\/pt\/wp-json\/wp\/v2\/comments?post=437"}],"version-history":[{"count":14,"href":"https:\/\/yearzerochange.org\/pt\/wp-json\/wp\/v2\/pages\/437\/revisions"}],"predecessor-version":[{"id":1050,"href":"https:\/\/yearzerochange.org\/pt\/wp-json\/wp\/v2\/pages\/437\/revisions\/1050"}],"wp:attachment":[{"href":"https:\/\/yearzerochange.org\/pt\/wp-json\/wp\/v2\/media?parent=437"}],"curies":[{"name":"wp","href":"https:\/\/api.w.org\/{rel}","templated":true}]}}