{"id":354,"date":"2025-07-13T09:28:47","date_gmt":"2025-07-13T09:28:47","guid":{"rendered":"https:\/\/yearzerochange.org\/?page_id=354"},"modified":"2025-07-30T12:43:37","modified_gmt":"2025-07-30T12:43:37","slug":"descubra-o-calendario-de-13-meses","status":"publish","type":"page","link":"https:\/\/yearzerochange.org\/pt\/discover-the-13-month-calendar\/","title":{"rendered":"O calend\u00e1rio de 13 meses"},"content":{"rendered":"<div data-elementor-type=\"wp-page\" data-elementor-id=\"354\" class=\"elementor elementor-354\">\n\t\t\t\t<div class=\"elementor-element elementor-element-55a9d3ec e-flex e-con-boxed e-con e-parent\" data-id=\"55a9d3ec\" data-element_type=\"container\" data-e-type=\"container\">\n\t\t\t\t\t<div class=\"e-con-inner\">\n\t\t<div class=\"elementor-element elementor-element-5c3ac08 e-con-full e-flex e-con e-child\" data-id=\"5c3ac08\" data-element_type=\"container\" data-e-type=\"container\">\n\t\t\t\t<div class=\"elementor-element elementor-element-69154da elementor-widget elementor-widget-html\" data-id=\"69154da\" data-element_type=\"widget\" data-e-type=\"widget\" data-widget_type=\"html.default\">\n\t\t\t\t\t<div class=\"boxed-container\">\r\n  <h2 style=\"text-align: center;\">\ud83c\udf15 Descubra o calend\u00e1rio de 13 meses<\/h2>\r\n\r\n  <p>Nosso calend\u00e1rio atual, com seus meses irregulares e nomes arbitr\u00e1rios, foi moldado por imp\u00e9rios e poder. <strong>Ano Zero<\/strong> nos convida a reconectar o tempo com a natureza - e com n\u00f3s mesmos.<\/p>\r\n\r\n  <h3>\ud83c\udf00 A estrutura<\/h3>\r\n  <ul>\r\n    <li><strong>13 meses<\/strong>, cada um com <strong>28 dias<\/strong><\/li>\r\n    <li><strong>364 dias<\/strong> + 1 <em>\"dia zero\"<\/em> para realinhar-se com o ano solar (colocado no solst\u00edcio de inverno)<\/li>\r\n    <li>Todo m\u00eas come\u00e7a no mesmo dia da semana<\/li>\r\n    <li>O ritmo \u00e9 claro, simples e c\u00edclico<\/li>\r\n  <\/ul>\r\n\r\n  <h3>Por que 13 meses?<\/h3>\r\n  <p>A Lua completa aproximadamente 13 \u00f3rbitas por ano solar. Cada m\u00eas de 28 dias reflete os ritmos lunares - menstrua\u00e7\u00e3o, sono, mar\u00e9s, biologia.<\/p>\r\n  <p>Em vez de dividir o tempo em fragmentos de poder, voltamos a um <strong>c\u00edrculo do tempo<\/strong>.<\/p>\r\n\r\n  <h3>\ud83d\udcc6 Vis\u00e3o geral<\/h3>\r\n  <ul>\r\n    <li>12 \u00d7 28 = 336 dias<\/li>\r\n    <li>+ mais 1 m\u00eas = 364 dias<\/li>\r\n    <li>+ 1 dia neutro (Dia Zero) = 365 (alinhamento solar)<\/li>\r\n  <\/ul>\r\n\r\n  <h3>O Dia Zero<\/h3>\r\n  <p>O <strong>Dia Zero<\/strong> \u00e9 uma celebra\u00e7\u00e3o, n\u00e3o um prazo. Um momento de pausa, de gratid\u00e3o e de uni\u00e3o. Ele ocorre no solst\u00edcio de inverno, quando a luz come\u00e7a a voltar.<\/p>\r\n  <h3>O Dia Zero Completando o Ano Solar<\/h3>\r\n<p>O ano solar dura aproximadamente <strong>365,24 dias<\/strong> - um pouco mais longo do que o nosso ciclo de 13 meses proposto (13 \u00d7 28 = 364 dias).<\/p>\r\n\r\n<p>Para permanecer alinhado com a revolu\u00e7\u00e3o da Terra ao redor do sol, introduzimos <strong>dia(s) neutro(s)<\/strong> fora dos meses regulares:<\/p>\r\n\r\n<ul>\r\n  <li><strong>1 Dia Neutro<\/strong> todos os anos, colocado no <strong>solst\u00edcio de inverno<\/strong> (21 de dezembro), chamado <em>Dia Zero<\/em><\/li>\r\n  <li><strong>1 dia adicional a cada 4 anos<\/strong> (como um ano bissexto) para contabilizar o quarto de dia restante<\/li>\r\n<\/ul>\r\n\r\n<p>Esses dias n\u00e3o fazem parte de nenhuma semana ou m\u00eas. Eles s\u00e3o separados, como uma respira\u00e7\u00e3o entre ciclos.<\/p>\r\n\r\n<p><strong>Dia Zero<\/strong> e seu companheiro ocasional s\u00e3o momentos de <em>reflex\u00e3o, unidade e transi\u00e7\u00e3o<\/em> - celebrado como tempo global fora do tempo.<\/p>\r\n\r\n  \r\n\r\n  <h3>Nomeando os meses<\/h3>\r\n  <p>No momento, estamos explorando nomes para cada um dos 13 meses - talvez inspirados por planetas, luas ou valores universais. Voc\u00ea poder\u00e1 participar desse processo em breve.<\/p>\r\n\r\n  <h3>Universal, n\u00e3o religioso<\/h3>\r\n  <p>Esse calend\u00e1rio n\u00e3o pertence a nenhuma religi\u00e3o, imp\u00e9rio ou regi\u00e3o. \u00c9 uma proposta para toda a humanidade, come\u00e7ando com <strong>Ano zero = 2028<\/strong> - o ano em que simbolicamente come\u00e7amos de novo.<\/p>\r\n\r\n  <p style=\"text-align: center; margin-top: 2em;\"><a href=\"\/pt\/converter-seu-aniversario\/\" style=\"color: #2c4e3a; font-weight: bold;\">\ud83e\uddee Experimente o Conversor de Anivers\u00e1rio \u2192<\/a><\/p>\r\n\r\n  <p style=\"text-align: center; margin-top: 3em; font-style: italic;\">\"E se o tempo servisse \u00e0 vida - e n\u00e3o o contr\u00e1rio?\"<\/p>\r\n<\/div>\r\n\t\t\t\t<\/div>\n\t\t\t\t<\/div>\n\t\t\t\t\t<\/div>\n\t\t\t\t<\/div>\n\t\t\t\t<\/div>","protected":false},"excerpt":{"rendered":"<p>\ud83c\udf15 Discover the 13-Month Calendar Our current calendar, with its irregular months and arbitrary names, was shaped by empires and power. Year Zero invites us to reconnect time with nature \u2014 and with ourselves. \ud83c\udf00 The Structure 13 months, each with 28 days 364 days + 1 \u201czero day\u201d to realign with the solar year&hellip;&nbsp;<a href=\"https:\/\/yearzerochange.org\/pt\/discover-the-13-month-calendar\/\" rel=\"bookmark\"><span class=\"screen-reader-text\">O calend\u00e1rio de 13 meses<\/span><\/a><\/p>","protected":false},"author":1,"featured_media":0,"parent":0,"menu_order":0,"comment_status":"closed","ping_status":"closed","template":"","meta":{"om_disable_all_campaigns":false,"_monsterinsights_skip_tracking":false,"_monsterinsights_sitenote_active":false,"_monsterinsights_sitenote_note":"","_monsterinsights_sitenote_category":0,"_uf_show_specific_survey":0,"_uf_disable_surveys":false,"neve_meta_sidebar":"","neve_meta_container":"","neve_meta_enable_content_width":"","neve_meta_content_width":0,"neve_meta_title_alignment":"","neve_meta_author_avatar":"","neve_post_elements_order":"","neve_meta_disable_header":"","neve_meta_disable_footer":"","neve_meta_disable_title":"","neve_meta_reading_time":"","footnotes":""},"class_list":["post-354","page","type-page","status-publish","hentry"],"aioseo_notices":[],"_links":{"self":[{"href":"https:\/\/yearzerochange.org\/pt\/wp-json\/wp\/v2\/pages\/354","targetHints":{"allow":["GET"]}}],"collection":[{"href":"https:\/\/yearzerochange.org\/pt\/wp-json\/wp\/v2\/pages"}],"about":[{"href":"https:\/\/yearzerochange.org\/pt\/wp-json\/wp\/v2\/types\/page"}],"author":[{"embeddable":true,"href":"https:\/\/yearzerochange.org\/pt\/wp-json\/wp\/v2\/users\/1"}],"replies":[{"embeddable":true,"href":"https:\/\/yearzerochange.org\/pt\/wp-json\/wp\/v2\/comments?post=354"}],"version-history":[{"count":8,"href":"https:\/\/yearzerochange.org\/pt\/wp-json\/wp\/v2\/pages\/354\/revisions"}],"predecessor-version":[{"id":1044,"href":"https:\/\/yearzerochange.org\/pt\/wp-json\/wp\/v2\/pages\/354\/revisions\/1044"}],"wp:attachment":[{"href":"https:\/\/yearzerochange.org\/pt\/wp-json\/wp\/v2\/media?parent=354"}],"curies":[{"name":"wp","href":"https:\/\/api.w.org\/{rel}","templated":true}]}}