{"id":1075,"date":"2025-07-30T18:16:09","date_gmt":"2025-07-30T18:16:09","guid":{"rendered":"https:\/\/yearzerochange.org\/?page_id=1075"},"modified":"2025-07-30T19:02:44","modified_gmt":"2025-07-30T19:02:44","slug":"projetos-aliados","status":"publish","type":"page","link":"https:\/\/yearzerochange.org\/pt\/allied-projects\/","title":{"rendered":"Projetos aliados"},"content":{"rendered":"<div data-elementor-type=\"wp-page\" data-elementor-id=\"1075\" class=\"elementor elementor-1075\">\n\t\t\t\t<div class=\"elementor-element elementor-element-0b6d3eb e-flex e-con-boxed e-con e-parent\" data-id=\"0b6d3eb\" data-element_type=\"container\" data-e-type=\"container\" data-settings=\"{&quot;background_background&quot;:&quot;classic&quot;}\">\n\t\t\t\t\t<div class=\"e-con-inner\">\n\t\t\t\t<div class=\"elementor-element elementor-element-7268b19 elementor-widget elementor-widget-heading\" data-id=\"7268b19\" data-element_type=\"widget\" data-e-type=\"widget\" data-widget_type=\"heading.default\">\n\t\t\t\t\t<h1 class=\"elementor-heading-title elementor-size-default\">Projetos aliados<\/h1>\t\t\t\t<\/div>\n\t\t\t\t\t<\/div>\n\t\t\t\t<\/div>\n\t\t<div class=\"elementor-element elementor-element-bf9083c e-flex e-con-boxed e-con e-parent\" data-id=\"bf9083c\" data-element_type=\"container\" data-e-type=\"container\">\n\t\t\t\t\t<div class=\"e-con-inner\">\n\t\t\t\t<div class=\"elementor-element elementor-element-02ad614 elementor-widget elementor-widget-html\" data-id=\"02ad614\" data-element_type=\"widget\" data-e-type=\"widget\" data-widget_type=\"html.default\">\n\t\t\t\t\t<div class=\"boxed-container\">\r\n  <h2 style=\"text-align: center;\">\ud83c\udf10 Projetos Aliados<\/h2>\r\n  <p style=\"text-align: center; font-size: 1.1em;\">Descubra movimentos, vis\u00f5es e comunidades que ressoam com o esp\u00edrito do Ano Zero da Mudan\u00e7a.<\/p>\r\n\r\n  <h3>\ud83c\udf31 Reimagina\u00e7\u00e3o Social<\/h3>\r\n  <ul>\r\n    <li><a href=\"https:\/\/www.thevenusproject.com\/\" target=\"_blank\">\ud83d\udd17 O Projeto V\u00eanus<\/a> \u2013 Uma economia baseada em recursos com o objetivo de eliminar a escassez atrav\u00e9s de design, tecnologia e coopera\u00e7\u00e3o.<\/li>\r\n    <li><a href=\"https:\/\/les-sel.org\/\" target=\"_blank\">\ud83d\udd17 SEL (Sistemas de Troca Local)<\/a> \u2013 Redes de escambo local baseadas em tempo, habilidades e confian\u00e7a m\u00fatua, em vez de dinheiro.<\/li>\r\n  <\/ul>\r\n\r\n  <h3>\ud83e\udd16 Humano + IA pelo Planeta<\/h3>\r\n  <ul>\r\n    <li><a href=\"https:\/\/www.collective-intelligence.org\/\" target=\"_blank\">\ud83d\udd17 O Projeto de Intelig\u00eancia Coletiva<\/a> \u2013 Explorando como a tomada de decis\u00e3o aumentada e a IA podem apoiar o florescimento humano.<\/li>\r\n    <li><a href=\"https:\/\/futureoflife.org\/\" target=\"_blank\">\ud83d\udd17 Instituto Future of Life<\/a> \u2013 Trabalhando em IA alinhada, redu\u00e7\u00e3o de risco existencial e coopera\u00e7\u00e3o ben\u00e9fica entre humanos e m\u00e1quinas.<\/li>\r\n    <li><a href=\"https:\/\/humanetech.com\/\" target=\"_blank\">\ud83d\udd17 Centro de Tecnologia Humana<\/a> \u2013 Repensando a infraestrutura digital para o bem-estar e o equil\u00edbrio planet\u00e1rio.<\/li>\r\n  <\/ul>\r\n\r\n  <h3>\ud83e\udded Experimentos Locais e Utopias Econ\u00f4micas<\/h3>\r\n  <ul>\r\n    <li><a href=\"https:\/\/www.faircoop.net\/\" target=\"_blank\">\ud83d\udd17 FairCoop<\/a> Um ecossistema cooperativo para justi\u00e7a econ\u00f4mica atrav\u00e9s de ferramentas abertas e cripto-democracia.<\/li>\r\n    <li><a href=\"https:\/\/www.kibbutz.org.il\/\" target=\"_blank\">\ud83d\udd17 O Movimento Kibutz<\/a> \u2013 Um exemplo hist\u00f3rico e vivo de vida comunit\u00e1ria e recursos compartilhados.<\/li>\r\n  <\/ul>\r\n\r\n  <h3>Sugira um projeto<\/h3>\r\n  <p>Voc\u00ea conhece alguma iniciativa que deveria fazer parte desta constela\u00e7\u00e3o? Escreva para n\u00f3s: <a href=\"mailto:contact@yearzerochange.org\" style=\"color: #2c4e3a;\">contact@yearzerochange.org<\/a><\/p>\r\n\r\n  <p style=\"text-align: center; margin-top: 2em; font-style: italic;\">O futuro \u00e9 uma rede, n\u00e3o uma pir\u00e2mide.<\/p>\r\n<\/div>\r\n\t\t\t\t<\/div>\n\t\t\t\t\t<\/div>\n\t\t\t\t<\/div>\n\t\t\t\t<\/div>","protected":false},"excerpt":{"rendered":"<p>Allied Projects \ud83c\udf10 Allied Projects Discover movements, visions and communities that resonate with the spirit of Year Zero Change. \ud83c\udf31 Societal Reimagination \ud83d\udd17 The Venus Project \u2013 A resource-based economy aiming to eliminate scarcity through design, technology and cooperation. \ud83d\udd17 SEL (Syst\u00e8mes d&#8217;\u00c9change Locaux) \u2013 Local barter networks based on time, skills, and mutual trust&hellip;&nbsp;<a href=\"https:\/\/yearzerochange.org\/pt\/allied-projects\/\" rel=\"bookmark\"><span class=\"screen-reader-text\">Projetos aliados<\/span><\/a><\/p>","protected":false},"author":1,"featured_media":0,"parent":0,"menu_order":0,"comment_status":"closed","ping_status":"closed","template":"page-templates\/template-pagebuilder-full-width.php","meta":{"om_disable_all_campaigns":false,"_monsterinsights_skip_tracking":false,"_monsterinsights_sitenote_active":false,"_monsterinsights_sitenote_note":"","_monsterinsights_sitenote_category":0,"_uf_show_specific_survey":0,"_uf_disable_surveys":false,"neve_meta_sidebar":"","neve_meta_container":"","neve_meta_enable_content_width":"","neve_meta_content_width":0,"neve_meta_title_alignment":"","neve_meta_author_avatar":"","neve_post_elements_order":"","neve_meta_disable_header":"","neve_meta_disable_footer":"","neve_meta_disable_title":"","neve_meta_reading_time":"","footnotes":""},"class_list":["post-1075","page","type-page","status-publish","hentry"],"aioseo_notices":[],"_links":{"self":[{"href":"https:\/\/yearzerochange.org\/pt\/wp-json\/wp\/v2\/pages\/1075","targetHints":{"allow":["GET"]}}],"collection":[{"href":"https:\/\/yearzerochange.org\/pt\/wp-json\/wp\/v2\/pages"}],"about":[{"href":"https:\/\/yearzerochange.org\/pt\/wp-json\/wp\/v2\/types\/page"}],"author":[{"embeddable":true,"href":"https:\/\/yearzerochange.org\/pt\/wp-json\/wp\/v2\/users\/1"}],"replies":[{"embeddable":true,"href":"https:\/\/yearzerochange.org\/pt\/wp-json\/wp\/v2\/comments?post=1075"}],"version-history":[{"count":6,"href":"https:\/\/yearzerochange.org\/pt\/wp-json\/wp\/v2\/pages\/1075\/revisions"}],"predecessor-version":[{"id":1085,"href":"https:\/\/yearzerochange.org\/pt\/wp-json\/wp\/v2\/pages\/1075\/revisions\/1085"}],"wp:attachment":[{"href":"https:\/\/yearzerochange.org\/pt\/wp-json\/wp\/v2\/media?parent=1075"}],"curies":[{"name":"wp","href":"https:\/\/api.w.org\/{rel}","templated":true}]}}