{"id":742,"date":"2025-07-28T18:52:53","date_gmt":"2025-07-28T18:52:53","guid":{"rendered":"https:\/\/yearzerochange.org\/?page_id=742"},"modified":"2025-08-06T15:57:26","modified_gmt":"2025-08-06T15:57:26","slug":"rssdf","status":"publish","type":"page","link":"https:\/\/yearzerochange.org\/fr\/","title":{"rendered":"Ann\u00e9e Z\u00e9ro Changement \u2013 r\u00e9inventer le futur"},"content":{"rendered":"<div data-elementor-type=\"wp-page\" data-elementor-id=\"742\" class=\"elementor elementor-742\">\n\t\t\t\t<div class=\"elementor-element elementor-element-6107b6c e-flex e-con-boxed e-con e-parent\" data-id=\"6107b6c\" data-element_type=\"container\" data-e-type=\"container\" data-settings=\"{&quot;background_background&quot;:&quot;classic&quot;}\">\n\t\t\t\t\t<div class=\"e-con-inner\">\n\t\t\t\t\t<\/div>\n\t\t\t\t<\/div>\n\t\t<div class=\"elementor-element elementor-element-05cbe27 e-flex e-con-boxed e-con e-parent\" data-id=\"05cbe27\" data-element_type=\"container\" data-e-type=\"container\">\n\t\t\t\t\t<div class=\"e-con-inner\">\n\t\t<div class=\"elementor-element elementor-element-7788da2 e-con-full e-flex e-con e-child\" data-id=\"7788da2\" data-element_type=\"container\" data-e-type=\"container\" data-settings=\"{&quot;background_background&quot;:&quot;classic&quot;}\">\n\t\t\t\t<\/div>\n\t\t<div class=\"elementor-element elementor-element-ebff593 e-con-full e-flex e-con e-child\" data-id=\"ebff593\" data-element_type=\"container\" data-e-type=\"container\">\n\t\t<div class=\"elementor-element elementor-element-99d1b1a e-con-full e-flex e-con e-child\" data-id=\"99d1b1a\" data-element_type=\"container\" data-e-type=\"container\">\n\t\t\t\t<div class=\"elementor-element elementor-element-a6273a8 elementor-widget elementor-widget-heading\" data-id=\"a6273a8\" data-element_type=\"widget\" data-e-type=\"widget\" data-widget_type=\"heading.default\">\n\t\t\t\t\t<h2 class=\"elementor-heading-title elementor-size-default\">Year Zero Change est une initiative universelle visant \u00e0 r\u00e9imaginer notre rapport au temps et \u00e0 l'\u00e9conomie.<\/h2>\t\t\t\t<\/div>\n\t\t\t\t<\/div>\n\t\t<div class=\"elementor-element elementor-element-95ecbb7 e-con-full e-flex e-con e-child\" data-id=\"95ecbb7\" data-element_type=\"container\" data-e-type=\"container\">\n\t\t\t\t<div class=\"elementor-element elementor-element-1687143 elementor-widget elementor-widget-heading\" data-id=\"1687143\" data-element_type=\"widget\" data-e-type=\"widget\" data-widget_type=\"heading.default\">\n\t\t\t\t\t<h2 class=\"elementor-heading-title elementor-size-default\">Il propose un cadre po\u00e9tique, scientifique et inclusif pour l'avenir : un calendrier de 13 mois et une nouvelle monnaie appel\u00e9e Z\u00e9ro, con\u00e7ue pour assurer les besoins de base de chacun sans sp\u00e9culation.<\/h2>\t\t\t\t<\/div>\n\t\t\t\t<\/div>\n\t\t\t\t<\/div>\n\t\t\t\t\t<\/div>\n\t\t\t\t<\/div>\n\t\t<div class=\"elementor-element elementor-element-2bc337e e-flex e-con-boxed e-con e-parent\" data-id=\"2bc337e\" data-element_type=\"container\" data-e-type=\"container\">\n\t\t\t\t\t<div class=\"e-con-inner\">\n\t\t\t\t<div class=\"elementor-element elementor-element-a53f8c9 elementor-widget elementor-widget-spacer\" data-id=\"a53f8c9\" data-element_type=\"widget\" data-e-type=\"widget\" data-widget_type=\"spacer.default\">\n\t\t\t\t\t\t\t<div class=\"elementor-spacer\">\n\t\t\t<div class=\"elementor-spacer-inner\"><\/div>\n\t\t<\/div>\n\t\t\t\t\t\t<\/div>\n\t\t\t\t\t<\/div>\n\t\t\t\t<\/div>\n\t\t<div class=\"elementor-element elementor-element-1620a1b e-flex e-con-boxed e-con e-parent\" data-id=\"1620a1b\" data-element_type=\"container\" data-e-type=\"container\">\n\t\t\t\t\t<div class=\"e-con-inner\">\n\t\t<div class=\"elementor-element elementor-element-760ce25 e-con-full e-flex e-con e-child\" data-id=\"760ce25\" data-element_type=\"container\" data-e-type=\"container\">\n\t\t\t\t<div class=\"elementor-element elementor-element-814eb17 elementor-widget elementor-widget-text-editor\" data-id=\"814eb17\" data-element_type=\"widget\" data-e-type=\"widget\" data-widget_type=\"text-editor.default\">\n\t\t\t\t\t\t\t\t\t<h3 class=\"wp-block-heading\"><img decoding=\"async\" class=\"emoji\" role=\"img\" draggable=\"false\" src=\"https:\/\/s.w.org\/images\/core\/emoji\/16.0.1\/svg\/1f315.svg\" alt=\"\ud83c\udf15\" \/> Le calendrier<\/h3>\t\t\t\t\t\t\t\t<\/div>\n\t\t\t\t<\/div>\n\t\t\t\t\t<\/div>\n\t\t\t\t<\/div>\n\t\t<div class=\"elementor-element elementor-element-97a1493 e-flex e-con-boxed e-con e-parent\" data-id=\"97a1493\" data-element_type=\"container\" data-e-type=\"container\">\n\t\t\t\t\t<div class=\"e-con-inner\">\n\t\t<div class=\"elementor-element elementor-element-7bfc8ae e-con-full e-flex e-con e-child\" data-id=\"7bfc8ae\" data-element_type=\"container\" data-e-type=\"container\" data-settings=\"{&quot;background_background&quot;:&quot;classic&quot;}\">\n\t\t\t\t<\/div>\n\t\t<div class=\"elementor-element elementor-element-ae4aa88 e-con-full e-flex e-con e-child\" data-id=\"ae4aa88\" data-element_type=\"container\" data-e-type=\"container\">\n\t\t<div class=\"elementor-element elementor-element-c54f78f e-con-full e-flex e-con e-child\" data-id=\"c54f78f\" data-element_type=\"container\" data-e-type=\"container\">\n\t\t\t\t<div class=\"elementor-element elementor-element-4b1df3b elementor-widget elementor-widget-heading\" data-id=\"4b1df3b\" data-element_type=\"widget\" data-e-type=\"widget\" data-widget_type=\"heading.default\">\n\t\t\t\t\t<h2 class=\"elementor-heading-title elementor-size-default\">\u00c0 partir du solstice de d\u00e9cembre 2028 - le jour le plus court de l'ann\u00e9e - l'humanit\u00e9 est invit\u00e9e \u00e0 adopter une nouvelle fa\u00e7on de compter le temps.<\/h2><\/h2>\t\t\t\t<\/div>\n\t\t\t\t<\/div>\n\t\t<div class=\"elementor-element elementor-element-5685cf1 e-con-full e-flex e-con e-child\" data-id=\"5685cf1\" data-element_type=\"container\" data-e-type=\"container\">\n\t\t\t\t<div class=\"elementor-element elementor-element-3ea77b0 elementor-widget elementor-widget-heading\" data-id=\"3ea77b0\" data-element_type=\"widget\" data-e-type=\"widget\" data-widget_type=\"heading.default\">\n\t\t\t\t\t<h2 class=\"elementor-heading-title elementor-size-default\">Ce nouveau syst\u00e8me s'aligne sur les rythmes de la nature : 13 mois lunaires de 28 jours chacun, soit un total de 364 jours.<\/h2>\t\t\t\t<\/div>\n\t\t\t\t<\/div>\n\t\t<div class=\"elementor-element elementor-element-75592d0 e-con-full e-flex e-con e-child\" data-id=\"75592d0\" data-element_type=\"container\" data-e-type=\"container\">\n\t\t\t\t<div class=\"elementor-element elementor-element-05a9690 elementor-widget elementor-widget-heading\" data-id=\"05a9690\" data-element_type=\"widget\" data-e-type=\"widget\" data-widget_type=\"heading.default\">\n\t\t\t\t\t<h2 class=\"elementor-heading-title elementor-size-default\">Un jour neutre appel\u00e9 \"jour z\u00e9ro\" est ajout\u00e9 au d\u00e9but de l'ann\u00e9e pour compl\u00e9ter le 365e jour solaire.<\/h2>\t\t\t\t<\/div>\n\t\t\t\t<\/div>\n\t\t\t\t<\/div>\n\t\t\t\t\t<\/div>\n\t\t\t\t<\/div>\n\t\t<div class=\"elementor-element elementor-element-d1b32c3 e-flex e-con-boxed e-con e-parent\" data-id=\"d1b32c3\" data-element_type=\"container\" data-e-type=\"container\">\n\t\t\t\t\t<div class=\"e-con-inner\">\n\t\t\t\t\t<\/div>\n\t\t\t\t<\/div>\n\t\t<div class=\"elementor-element elementor-element-1f3fae4 e-flex e-con-boxed e-con e-parent\" data-id=\"1f3fae4\" data-element_type=\"container\" data-e-type=\"container\">\n\t\t\t\t\t<div class=\"e-con-inner\">\n\t\t\t\t<div class=\"elementor-element elementor-element-c652347 elementor-widget elementor-widget-heading\" data-id=\"c652347\" data-element_type=\"widget\" data-e-type=\"widget\" data-widget_type=\"heading.default\">\n\t\t\t\t\t<h2 class=\"elementor-heading-title elementor-size-default\">\n<h3 class=\"wp-block-heading\">\ud83d\udca0 La monnaie<\/h3>\n\n<\/h2>\t\t\t\t<\/div>\n\t\t\t\t\t<\/div>\n\t\t\t\t<\/div>\n\t\t<div class=\"elementor-element elementor-element-b18bac5 e-flex e-con-boxed e-con e-parent\" data-id=\"b18bac5\" data-element_type=\"container\" data-e-type=\"container\">\n\t\t\t\t\t<div class=\"e-con-inner\">\n\t\t<div class=\"elementor-element elementor-element-09c8d92 e-con-full e-flex e-con e-child\" data-id=\"09c8d92\" data-element_type=\"container\" data-e-type=\"container\" data-settings=\"{&quot;background_background&quot;:&quot;classic&quot;}\">\n\t\t\t\t<\/div>\n\t\t<div class=\"elementor-element elementor-element-6a9759a e-con-full e-flex e-con e-child\" data-id=\"6a9759a\" data-element_type=\"container\" data-e-type=\"container\">\n\t\t<div class=\"elementor-element elementor-element-ac2124f e-con-full e-flex e-con e-child\" data-id=\"ac2124f\" data-element_type=\"container\" data-e-type=\"container\">\n\t\t\t\t<div class=\"elementor-element elementor-element-3860250 elementor-widget elementor-widget-heading\" data-id=\"3860250\" data-element_type=\"widget\" data-e-type=\"widget\" data-widget_type=\"heading.default\">\n\t\t\t\t\t<h2 class=\"elementor-heading-title elementor-size-default\">Z\u00e9ro : une monnaie post-capitaliste qui circule librement et soutient la vie plut\u00f4t que l'accumulation.<\/h2>\t\t\t\t<\/div>\n\t\t\t\t<\/div>\n\t\t<div class=\"elementor-element elementor-element-b32a7c9 e-con-full e-flex e-con e-child\" data-id=\"b32a7c9\" data-element_type=\"container\" data-e-type=\"container\">\n\t\t\t\t<div class=\"elementor-element elementor-element-fee9202 elementor-widget elementor-widget-heading\" data-id=\"fee9202\" data-element_type=\"widget\" data-e-type=\"widget\" data-widget_type=\"heading.default\">\n\t\t\t\t\t<h2 class=\"elementor-heading-title elementor-size-default\">Le z\u00e9ro est une monnaie universelle non sp\u00e9culative con\u00e7ue pour circuler et expirer.\nChaque humain re\u00e7oit un flux mensuel, destin\u00e9 \u00e0 \u00eatre utilis\u00e9, partag\u00e9 et r\u00e9g\u00e9n\u00e9r\u00e9.<\/h2>\t\t\t\t<\/div>\n\t\t\t\t<\/div>\n\t\t<div class=\"elementor-element elementor-element-aa62b42 e-con-full e-flex e-con e-child\" data-id=\"aa62b42\" data-element_type=\"container\" data-e-type=\"container\">\n\t\t\t\t<div class=\"elementor-element elementor-element-c637659 elementor-widget elementor-widget-heading\" data-id=\"c637659\" data-element_type=\"widget\" data-e-type=\"widget\" data-widget_type=\"heading.default\">\n\t\t\t\t\t<h2 class=\"elementor-heading-title elementor-size-default\">Pas de dettes. Pas de th\u00e9saurisation. Pas d'int\u00e9r\u00eats.<\/h2>\t\t\t\t<\/div>\n\t\t\t\t<\/div>\n\t\t\t\t<\/div>\n\t\t\t\t\t<\/div>\n\t\t\t\t<\/div>\n\t\t<div class=\"elementor-element elementor-element-ee2a755 e-flex e-con-boxed e-con e-parent\" data-id=\"ee2a755\" data-element_type=\"container\" data-e-type=\"container\">\n\t\t\t\t\t<div class=\"e-con-inner\">\n\t\t\t\t<div class=\"elementor-element elementor-element-52e695a elementor-widget elementor-widget-spacer\" data-id=\"52e695a\" data-element_type=\"widget\" data-e-type=\"widget\" data-widget_type=\"spacer.default\">\n\t\t\t\t\t\t\t<div class=\"elementor-spacer\">\n\t\t\t<div class=\"elementor-spacer-inner\"><\/div>\n\t\t<\/div>\n\t\t\t\t\t\t<\/div>\n\t\t<div class=\"elementor-element elementor-element-a0c7dad e-con-full e-flex e-con e-child\" data-id=\"a0c7dad\" data-element_type=\"container\" data-e-type=\"container\">\n\t\t\t\t<div class=\"elementor-element elementor-element-b76f95a elementor-widget-divider--view-line elementor-widget elementor-widget-divider\" data-id=\"b76f95a\" data-element_type=\"widget\" data-e-type=\"widget\" data-widget_type=\"divider.default\">\n\t\t\t\t\t\t\t<div class=\"elementor-divider\">\n\t\t\t<span class=\"elementor-divider-separator\">\n\t\t\t\t\t\t<\/span>\n\t\t<\/div>\n\t\t\t\t\t\t<\/div>\n\t\t\t\t<\/div>\n\t\t\t\t\t<\/div>\n\t\t\t\t<\/div>\n\t\t<div class=\"elementor-element elementor-element-c140da9 e-flex e-con-boxed e-con e-parent\" data-id=\"c140da9\" data-element_type=\"container\" data-e-type=\"container\">\n\t\t\t\t\t<div class=\"e-con-inner\">\n\t\t\t\t<div class=\"elementor-element elementor-element-afb2fd9 elementor-widget elementor-widget-html\" data-id=\"afb2fd9\" data-element_type=\"widget\" data-e-type=\"widget\" data-widget_type=\"html.default\">\n\t\t\t\t\t<h3>\ud83c\udf31 Vivre en flux<\/h3>\r\n<p><h4>Au lieu de stocker des richesses, Zero nous invite \u00e0 nous engager dans un flux continu d'\u00e9changes. Il soutient les besoins collectifs, les contextes locaux et les projets cr\u00e9atifs, le tout r\u00e9gi par un syst\u00e8me transparent m\u00ealant intelligence artificielle et intelligence participative.<\/p>\r\n<blockquote>\"Le z\u00e9ro n'est pas la fin, c'est la pause avant la cr\u00e9ation.<\/blockquote>\t\t\t\t<\/div>\n\t\t\t\t\t<\/div>\n\t\t\t\t<\/div>\n\t\t<div class=\"elementor-element elementor-element-d9d16a8 e-flex e-con-boxed e-con e-parent\" data-id=\"d9d16a8\" data-element_type=\"container\" data-e-type=\"container\">\n\t\t\t\t\t<div class=\"e-con-inner\">\n\t\t\t\t<div class=\"elementor-element elementor-element-72361cf elementor-widget elementor-widget-html\" data-id=\"72361cf\" data-element_type=\"widget\" data-e-type=\"widget\" data-widget_type=\"html.default\">\n\t\t\t\t\t<h3>\ud83c\udf0d Un nouveau temps pour l'humanit\u00e9<\/h3>\r\n<p><h4>Le calendrier de 13 mois et la monnaie z\u00e9ro sont con\u00e7us pour fonctionner ensemble - en alignant la vie humaine sur les cycles naturels et en redonnant un sens au temps et \u00e0 la valeur.<\/p>\t\t\t\t<\/div>\n\t\t\t\t\t<\/div>\n\t\t\t\t<\/div>\n\t\t<div class=\"elementor-element elementor-element-a610ef2 e-flex e-con-boxed e-con e-parent\" data-id=\"a610ef2\" data-element_type=\"container\" data-e-type=\"container\">\n\t\t\t\t\t<div class=\"e-con-inner\">\n\t\t\t\t<div class=\"elementor-element elementor-element-32b169a elementor-widget elementor-widget-html\" data-id=\"32b169a\" data-element_type=\"widget\" data-e-type=\"widget\" data-widget_type=\"html.default\">\n\t\t\t\t\t<h3>\ud83d\ude80 Rejoindre la transition<\/h3>\r\n<p><h4>L'ann\u00e9e z\u00e9ro n'est pas un syst\u00e8me achev\u00e9 - c'est une invitation. Vous \u00eates invit\u00e9s \u00e0 participer, \u00e0 partager des id\u00e9es, \u00e0 exp\u00e9rimenter ou simplement \u00e0 r\u00e9fl\u00e9chir. C'est aussi votre temps.<\/p>\r\n<p style=\"text-align: center;\"><strong>\ud83d\udd17 <a href=\"https:\/\/yearzerochange.org\/fr\/\">Visitez yearzerochange.org<\/a><\/strong><\/p>\t\t\t\t<\/div>\n\t\t\t\t\t<\/div>\n\t\t\t\t<\/div>\n\t\t\t\t<\/div>","protected":false},"excerpt":{"rendered":"<p>Year Zero Change est une initiative universelle visant \u00e0 r\u00e9imaginer notre relation au temps et \u00e0 l'\u00e9conomie. Elle propose un cadre po\u00e9tique, scientifique et inclusif pour l'avenir : un calendrier de 13 mois et une nouvelle monnaie appel\u00e9e Z\u00e9ro, con\u00e7ue pour assurer les besoins fondamentaux de chacun sans sp\u00e9culation. Le calendrier d\u00e9butant au solstice de d\u00e9cembre 2028 \u2014 le plus court\u2026&nbsp;<a href=\"https:\/\/yearzerochange.org\/fr\/\" rel=\"bookmark\"><span class=\"screen-reader-text\">Ann\u00e9e Z\u00e9ro Changement \u2013 r\u00e9inventer le futur<\/span><\/a><\/p>","protected":false},"author":1,"featured_media":0,"parent":0,"menu_order":0,"comment_status":"closed","ping_status":"closed","template":"page-templates\/template-pagebuilder-full-width.php","meta":{"om_disable_all_campaigns":false,"_monsterinsights_skip_tracking":false,"_monsterinsights_sitenote_active":false,"_monsterinsights_sitenote_note":"","_monsterinsights_sitenote_category":0,"_uf_show_specific_survey":0,"_uf_disable_surveys":false,"neve_meta_sidebar":"","neve_meta_container":"","neve_meta_enable_content_width":"","neve_meta_content_width":0,"neve_meta_title_alignment":"","neve_meta_author_avatar":"","neve_post_elements_order":"","neve_meta_disable_header":"","neve_meta_disable_footer":"","neve_meta_disable_title":"","neve_meta_reading_time":"","footnotes":""},"class_list":["post-742","page","type-page","status-publish","hentry"],"aioseo_notices":[],"_links":{"self":[{"href":"https:\/\/yearzerochange.org\/fr\/wp-json\/wp\/v2\/pages\/742","targetHints":{"allow":["GET"]}}],"collection":[{"href":"https:\/\/yearzerochange.org\/fr\/wp-json\/wp\/v2\/pages"}],"about":[{"href":"https:\/\/yearzerochange.org\/fr\/wp-json\/wp\/v2\/types\/page"}],"author":[{"embeddable":true,"href":"https:\/\/yearzerochange.org\/fr\/wp-json\/wp\/v2\/users\/1"}],"replies":[{"embeddable":true,"href":"https:\/\/yearzerochange.org\/fr\/wp-json\/wp\/v2\/comments?post=742"}],"version-history":[{"count":216,"href":"https:\/\/yearzerochange.org\/fr\/wp-json\/wp\/v2\/pages\/742\/revisions"}],"predecessor-version":[{"id":1219,"href":"https:\/\/yearzerochange.org\/fr\/wp-json\/wp\/v2\/pages\/742\/revisions\/1219"}],"wp:attachment":[{"href":"https:\/\/yearzerochange.org\/fr\/wp-json\/wp\/v2\/media?parent=742"}],"curies":[{"name":"wp","href":"https:\/\/api.w.org\/{rel}","templated":true}]}}