{"id":709,"date":"2025-07-28T15:40:00","date_gmt":"2025-07-28T15:40:00","guid":{"rendered":"https:\/\/yearzerochange.org\/?page_id=709"},"modified":"2025-07-30T09:50:19","modified_gmt":"2025-07-30T09:50:19","slug":"mettre-a-zero-la-monnaie","status":"publish","type":"page","link":"https:\/\/yearzerochange.org\/fr\/zero-the-currency\/","title":{"rendered":"Z\u00e9ro - La monnaie"},"content":{"rendered":"<div data-elementor-type=\"wp-page\" data-elementor-id=\"709\" class=\"elementor elementor-709\">\n\t\t\t\t<div class=\"elementor-element elementor-element-2679077 e-flex e-con-boxed e-con e-parent\" data-id=\"2679077\" data-element_type=\"container\" data-e-type=\"container\">\n\t\t\t\t\t<div class=\"e-con-inner\">\n\t\t\t\t<div class=\"elementor-element elementor-element-e82c4ec elementor-widget elementor-widget-html\" data-id=\"e82c4ec\" data-element_type=\"widget\" data-e-type=\"widget\" data-widget_type=\"html.default\">\n\t\t\t\t\t<div class=\"boxed-container\" style=\"max-width: 880px; margin: auto; background: #fdfcf9; padding: 3em; border-radius: 16px; font-family: 'Segoe UI', sans-serif; color: #1d1d1d; line-height: 1.6;\">\r\n  <h2 style=\"text-align: center; color: #2c4e3a;\">\ud83c\udf00 ZERO - La monnaie d'un autre monde<\/h2>\r\n\r\n  <h3>\ud83c\udf0d Pourquoi une nouvelle monnaie ?<\/h3>\r\n  <p><em>\"Et si l'argent n'\u00e9tait pas une question d'accumulation, mais de circulation, de r\u00e9g\u00e9n\u00e9ration et de confiance ?<\/em><\/p>\r\n  <p>Les syst\u00e8mes mon\u00e9taires actuels encouragent la th\u00e9saurisation, la sp\u00e9culation et les in\u00e9galit\u00e9s. <strong>Z\u00e9ro<\/strong> est une monnaie universelle non sp\u00e9culative destin\u00e9e \u00e0 garantir l'acc\u00e8s aux besoins essentiels. Elle refl\u00e8te les m\u00eames principes que le calendrier de l'ann\u00e9e z\u00e9ro : <strong>R\u00e9initialisation, rythme et intelligence collective<\/strong>.<\/p>\r\n\r\n  <h3>\ud83d\udca1 Qu'est-ce que le z\u00e9ro ?<\/h3>\r\n  <ul>\r\n    <li>\ud83c\udf10 <strong>Une monnaie num\u00e9rique<\/strong> ancr\u00e9e dans la confiance, et non dans les march\u00e9s.<\/li>\r\n    <li>\ud83d\uded1 <strong>Pas d'int\u00e9r\u00eat, pas d'accumulation<\/strong>Elle ne peut \u00eatre stock\u00e9e \u00e0 l'infini ni faire l'objet de sp\u00e9culations.<\/li>\r\n    <li>\u267b\ufe0f <strong>Logique d'expiration<\/strong>: les unit\u00e9s expirent apr\u00e8s une p\u00e9riode d\u00e9termin\u00e9e, ce qui favorise le flux plut\u00f4t que la th\u00e9saurisation.<\/li>\r\n    <li>\ud83e\udd16 <strong>IA + gouvernance humaine<\/strong>Les r\u00e9sultats de l'\u00e9valuation des risques : g\u00e9r\u00e9s par des votes collectifs et des logiques algorithmiques assist\u00e9es.<\/li>\r\n  <\/ul>\r\n\r\n  <h3>\ud83d\udd01 Principes cl\u00e9s<\/h3>\r\n  <table style=\"width: 100%; border-collapse: collapse; margin-top: 1em;\">\r\n    <thead>\r\n      <tr style=\"background-color: #e9f4eb;\">\r\n        <th style=\"padding: 0.6em; text-align: left;\">Principe<\/th>\r\n        <th style=\"padding: 0.6em; text-align: left;\">Description<\/th>\r\n      <\/tr>\r\n    <\/thead>\r\n    <tbody>\r\n      <tr>\r\n        <td style=\"padding: 0.6em;\">\ud83d\udd4a\ufe0f Non sp\u00e9culatif<\/td>\r\n        <td style=\"padding: 0.6em;\">Ils ne peuvent pas \u00eatre \u00e9chang\u00e9s ou investis comme les crypto-monnaies ou les monnaies fiduciaires.<\/td>\r\n      <\/tr>\r\n      <tr style=\"background-color: #f8fbf9;\">\r\n        <td style=\"padding: 0.6em;\">\u23f3 Expirant<\/td>\r\n        <td style=\"padding: 0.6em;\">Circule en permanence - comme la respiration ou les saisons.<\/td>\r\n      <\/tr>\r\n      <tr>\r\n        <td style=\"padding: 0.6em;\">\ud83d\udc65 Universel<\/td>\r\n        <td style=\"padding: 0.6em;\">Chaque personne peut acc\u00e9der \u00e0 un montant de base mensuel.<\/td>\r\n      <\/tr>\r\n      <tr style=\"background-color: #f8fbf9;\">\r\n        <td style=\"padding: 0.6em;\">\ud83e\udde0 Intelligent<\/td>\r\n        <td style=\"padding: 0.6em;\">G\u00e9r\u00e9e par un choix collectif et une logique aliment\u00e9e par l'IA.<\/td>\r\n      <\/tr>\r\n      <tr>\r\n        <td style=\"padding: 0.6em;\">\ud83d\udd10 Transparent<\/td>\r\n        <td style=\"padding: 0.6em;\">Gouvernance ouverte, auditable, algorithmiquement \u00e9quitable.<\/td>\r\n      <\/tr>\r\n    <\/tbody>\r\n  <\/table>\r\n\r\n  <h3>\ud83d\udcac Exemples de cas d'utilisation<\/h3>\r\n  <ul>\r\n    <li>Vous recevez <strong>100 Z\u00e9ro par mois<\/strong>.<\/li>\r\n    <li>Vous l'utilisez pour acc\u00e9der \u00e0 l'essentiel : nourriture, \u00e9nergie, mobilit\u00e9, services communautaires.<\/li>\r\n    <li>Des r\u00e9seaux locaux de coop\u00e9ratives reconnues par le programme Z\u00e9ro voient le jour.<\/li>\r\n    <li>On ne peut pas s'enrichir, mais on peut prosp\u00e9rer ensemble.<\/li>\r\n  <\/ul>\r\n\r\n  <h3>\ud83e\udd16 Qui d\u00e9cide ?<\/h3>\r\n  <p><em>Gouvernance = votes collectifs + recommandations de l'IA<\/em><\/p>\r\n  <ul>\r\n    <li>A <strong>protocole transparent<\/strong> garantit une distribution \u00e9quitable et \u00e9volutive.<\/li>\r\n    <li><strong>Priorit\u00e9s communautaires<\/strong> d\u00e9finir les objectifs : sant\u00e9, climat, \u00e9ducation...<\/li>\r\n    <li><strong>Aide de l'IA<\/strong> en mati\u00e8re de logistique et d'\u00e9quit\u00e9 - ne remplacera jamais l'apport humain.<\/li>\r\n  <\/ul>\r\n\r\n  <h3>\ud83c\udf31 Le z\u00e9ro en tant qu'\u00e9cosyst\u00e8me<\/h3>\r\n  <p>Le z\u00e9ro n'est pas seulement un moyen d'\u00e9change, c'est un rythme, un nouveau contrat entre l'homme, la nature et la technologie. Il est con\u00e7u pour fonctionner en harmonie avec le <strong>Calendrier de l'ann\u00e9e z\u00e9ro<\/strong> et de soutenir <strong>des r\u00e9seaux locaux, \u00e9thiques et r\u00e9g\u00e9n\u00e9rateurs<\/strong>.<\/p>\r\n\r\n  <p>Il est \u00e9galement ouvert, transparent et guid\u00e9 par une vision \u00e0 long terme. <strong>l'abondance partag\u00e9e sans sp\u00e9culation<\/strong>.<\/p>\r\n\r\n  <h3>\ud83d\udd0d En savoir plus<\/h3>\r\n  <p>\ud83d\udc49 <a href=\"https:\/\/yearzerochange.org\/fr\/vivre-avec-zero\/\" style=\"color: #2c4e3a; text-decoration: underline;\">Explorer la FAQ \"Vivre avec z\u00e9ro\"<\/a><\/p>\r\n\r\n  <p style=\"text-align: center; font-style: italic; margin-top: 2em;\">\"La vraie richesse d'une civilisation n'est pas ce qu'elle stocke, mais ce qu'elle partage.<\/p>\r\n<\/div>\r\n\t\t\t\t<\/div>\n\t\t\t\t\t<\/div>\n\t\t\t\t<\/div>\n\t\t\t\t<\/div>","protected":false},"excerpt":{"rendered":"<p>\ud83c\udf00 ZERO \u2013 The Currency of Another World \ud83c\udf0d Why a New Currency? \u201cWhat if money wasn\u2019t about accumulation, but about circulation, regeneration, and trust?\u201d The current monetary systems encourage hoarding, speculation, and inequality. Zero is a non-speculative, universal currency designed to ensure access to essential needs. It reflects the same principles as the Year&hellip;&nbsp;<a href=\"https:\/\/yearzerochange.org\/fr\/zero-the-currency\/\" rel=\"bookmark\"><span class=\"screen-reader-text\">Z\u00e9ro - La monnaie<\/span><\/a><\/p>","protected":false},"author":1,"featured_media":0,"parent":0,"menu_order":0,"comment_status":"closed","ping_status":"closed","template":"","meta":{"om_disable_all_campaigns":false,"_monsterinsights_skip_tracking":false,"_monsterinsights_sitenote_active":false,"_monsterinsights_sitenote_note":"","_monsterinsights_sitenote_category":0,"_uf_show_specific_survey":0,"_uf_disable_surveys":false,"neve_meta_sidebar":"","neve_meta_container":"","neve_meta_enable_content_width":"","neve_meta_content_width":0,"neve_meta_title_alignment":"","neve_meta_author_avatar":"","neve_post_elements_order":"","neve_meta_disable_header":"","neve_meta_disable_footer":"","neve_meta_disable_title":"","neve_meta_reading_time":"","footnotes":""},"class_list":["post-709","page","type-page","status-publish","hentry"],"aioseo_notices":[],"_links":{"self":[{"href":"https:\/\/yearzerochange.org\/fr\/wp-json\/wp\/v2\/pages\/709","targetHints":{"allow":["GET"]}}],"collection":[{"href":"https:\/\/yearzerochange.org\/fr\/wp-json\/wp\/v2\/pages"}],"about":[{"href":"https:\/\/yearzerochange.org\/fr\/wp-json\/wp\/v2\/types\/page"}],"author":[{"embeddable":true,"href":"https:\/\/yearzerochange.org\/fr\/wp-json\/wp\/v2\/users\/1"}],"replies":[{"embeddable":true,"href":"https:\/\/yearzerochange.org\/fr\/wp-json\/wp\/v2\/comments?post=709"}],"version-history":[{"count":4,"href":"https:\/\/yearzerochange.org\/fr\/wp-json\/wp\/v2\/pages\/709\/revisions"}],"predecessor-version":[{"id":1025,"href":"https:\/\/yearzerochange.org\/fr\/wp-json\/wp\/v2\/pages\/709\/revisions\/1025"}],"wp:attachment":[{"href":"https:\/\/yearzerochange.org\/fr\/wp-json\/wp\/v2\/media?parent=709"}],"curies":[{"name":"wp","href":"https:\/\/api.w.org\/{rel}","templated":true}]}}