{"id":60,"date":"2025-06-21T16:30:42","date_gmt":"2025-06-21T16:30:42","guid":{"rendered":"https:\/\/yearzerochange.org\/?page_id=60"},"modified":"2025-07-30T12:50:52","modified_gmt":"2025-07-30T12:50:52","slug":"f-a-q","status":"publish","type":"page","link":"https:\/\/yearzerochange.org\/fr\/f-a-q\/","title":{"rendered":"F.A.Q. - Heure et calendrier"},"content":{"rendered":"<div data-elementor-type=\"wp-page\" data-elementor-id=\"60\" class=\"elementor elementor-60\">\n\t\t\t\t<div class=\"elementor-element elementor-element-764f723 e-flex e-con-boxed e-con e-parent\" data-id=\"764f723\" data-element_type=\"container\" data-e-type=\"container\">\n\t\t\t\t\t<div class=\"e-con-inner\">\n\t\t\t\t<div class=\"elementor-element elementor-element-d3b3aac elementor-widget elementor-widget-heading\" data-id=\"d3b3aac\" data-element_type=\"widget\" data-e-type=\"widget\" data-widget_type=\"heading.default\">\n\t\t\t\t\t<h2 class=\"elementor-heading-title elementor-size-default\">F.A.Q. - Heure et calendrier<\/h2>\t\t\t\t<\/div>\n\t\t\t\t\t<\/div>\n\t\t\t\t<\/div>\n\t\t<div class=\"elementor-element elementor-element-f8f187c e-flex e-con-boxed e-con e-parent\" data-id=\"f8f187c\" data-element_type=\"container\" data-e-type=\"container\">\n\t\t\t\t\t<div class=\"e-con-inner\">\n\t\t\t\t<div class=\"elementor-element elementor-element-68dacf6 elementor-widget elementor-widget-html\" data-id=\"68dacf6\" data-element_type=\"widget\" data-e-type=\"widget\" data-widget_type=\"html.default\">\n\t\t\t\t\t<div class=\"boxed-container\">\r\n\r\n  <h2 style=\"text-align: center;\">\ud83d\udcda FAQ - Le calendrier \u00e0 13 mois<\/h2>\r\n\r\n  <div class=\"faq-box\">\r\n    <h3>\ud83d\udcdc Pourquoi r\u00e9former le calendrier ?<\/h3>\r\n    <p>Notre calendrier actuel est irr\u00e9gulier, historiquement arbitraire et d\u00e9connect\u00e9 de la nature. Un nouveau syst\u00e8me permet la clart\u00e9, le rythme et la reconnexion avec les cycles lunaires et biologiques.<\/p>\r\n  <\/div>\r\n\r\n  <div class=\"faq-box\">\r\n    <h3>Pourquoi 13 mois ?<\/h3>\r\n    <p>Parce que 13 cycles lunaires (~28 jours) s'int\u00e8grent naturellement dans une ann\u00e9e solaire. La structure 13 \u00d7 28 simplifie le temps et refl\u00e8te les rythmes organiques que l'on trouve dans le corps humain et dans la nature.<\/p>\r\n  <\/div>\r\n\r\n  <div class=\"faq-box\">\r\n    <h3>\ud83d\udcc6 Pourquoi commencer en 2028 ?<\/h3>\r\n    <p>2028 marque un seuil \u00e0 la fois symbolique et pratique - le point de convergence de la prise de conscience collective, de l'intelligence artificielle et de l'urgence \u00e9cologique. Elle est propos\u00e9e comme l'ann\u00e9e z\u00e9ro d'une r\u00e9initialisation mondiale.<\/p>\r\n  <\/div>\r\n\r\n  <div class=\"faq-box\">\r\n    <h3>\u23f3 Que sont les jours neutres ?<\/h3>\r\n    <p>Il s'agit de jours en dehors du cycle des semaines et des mois. Un \"jour z\u00e9ro\" est ajout\u00e9 chaque ann\u00e9e (au solstice d'hiver), et un jour suppl\u00e9mentaire tous les 4 ans (comme une ann\u00e9e bissextile) pour rester align\u00e9 sur le cycle solaire.<\/p>\r\n  <\/div>\r\n\r\n  <div class=\"faq-box\">\r\n    <h3>\ud83c\udf0d Est-ce universel ou symbolique ?<\/h3>\r\n    <p>Les deux. Il peut \u00eatre utilis\u00e9 de mani\u00e8re pratique, mais il existe \u00e9galement en tant que proposition po\u00e9tique collective - pour imaginer, r\u00e9initialiser et r\u00e9aligner notre relation au temps.<\/p>\r\n  <\/div>\r\n\r\n  <div class=\"faq-box\">\r\n    <h3>\ud83e\udde0 Quel est le r\u00f4le de l'IA ?<\/h3>\r\n    <p>L'IA est utilis\u00e9e pour synchroniser les calendriers traditionnels, aider \u00e0 la coordination et sugg\u00e9rer des transitions optimales, mais jamais pour imposer. Elle agit comme un soutien \u00e0 l'intention humaine.<\/p>\r\n  <\/div>\r\n\r\n  <div class=\"faq-box\">\r\n    <h3>S'agit-il d'une utopie, d'un syst\u00e8me ou d'une \u0153uvre d'art ?<\/h3>\r\n    <p>C'est \u00e0 la fois un outil pratique, une rupture symbolique et une \u0153uvre d'art collective en \u00e9volution. Il invite \u00e0 la participation, pas au dogme.<\/p>\r\n  <\/div>\r\n\r\n<\/div>\r\n\t\t\t\t<\/div>\n\t\t\t\t\t<\/div>\n\t\t\t\t<\/div>\n\t\t<div class=\"elementor-element elementor-element-f2c421b e-flex e-con-boxed e-con e-parent\" data-id=\"f2c421b\" data-element_type=\"container\" data-e-type=\"container\">\n\t\t\t\t\t<div class=\"e-con-inner\">\n\t\t\t\t\t<\/div>\n\t\t\t\t<\/div>\n\t\t\t\t<\/div>","protected":false},"excerpt":{"rendered":"<p>F.A.Q. &#8211; Time &amp; Calendar \ud83d\udcda FAQ \u2014 The 13-Month Calendar \ud83d\udcdc Why reform the calendar? Our current calendar is irregular, historically arbitrary, and disconnected from nature. A new system allows for clarity, rhythm, and reconnection with lunar and biological cycles. \ud83c\udf19 Why 13 months? Because 13 lunar cycles (~28 days) fit naturally into one&hellip;&nbsp;<a href=\"https:\/\/yearzerochange.org\/fr\/f-a-q\/\" rel=\"bookmark\"><span class=\"screen-reader-text\">F.A.Q. - Heure et calendrier<\/span><\/a><\/p>","protected":false},"author":1,"featured_media":0,"parent":0,"menu_order":0,"comment_status":"closed","ping_status":"closed","template":"","meta":{"om_disable_all_campaigns":false,"_monsterinsights_skip_tracking":false,"_monsterinsights_sitenote_active":false,"_monsterinsights_sitenote_note":"","_monsterinsights_sitenote_category":0,"_uf_show_specific_survey":0,"_uf_disable_surveys":false,"neve_meta_sidebar":"","neve_meta_container":"","neve_meta_enable_content_width":"","neve_meta_content_width":0,"neve_meta_title_alignment":"","neve_meta_author_avatar":"","neve_post_elements_order":"","neve_meta_disable_header":"","neve_meta_disable_footer":"","neve_meta_disable_title":"","neve_meta_reading_time":"","footnotes":""},"class_list":["post-60","page","type-page","status-publish","hentry"],"aioseo_notices":[],"_links":{"self":[{"href":"https:\/\/yearzerochange.org\/fr\/wp-json\/wp\/v2\/pages\/60","targetHints":{"allow":["GET"]}}],"collection":[{"href":"https:\/\/yearzerochange.org\/fr\/wp-json\/wp\/v2\/pages"}],"about":[{"href":"https:\/\/yearzerochange.org\/fr\/wp-json\/wp\/v2\/types\/page"}],"author":[{"embeddable":true,"href":"https:\/\/yearzerochange.org\/fr\/wp-json\/wp\/v2\/users\/1"}],"replies":[{"embeddable":true,"href":"https:\/\/yearzerochange.org\/fr\/wp-json\/wp\/v2\/comments?post=60"}],"version-history":[{"count":51,"href":"https:\/\/yearzerochange.org\/fr\/wp-json\/wp\/v2\/pages\/60\/revisions"}],"predecessor-version":[{"id":1047,"href":"https:\/\/yearzerochange.org\/fr\/wp-json\/wp\/v2\/pages\/60\/revisions\/1047"}],"wp:attachment":[{"href":"https:\/\/yearzerochange.org\/fr\/wp-json\/wp\/v2\/media?parent=60"}],"curies":[{"name":"wp","href":"https:\/\/api.w.org\/{rel}","templated":true}]}}