{"id":534,"date":"2025-07-26T14:25:22","date_gmt":"2025-07-26T14:25:22","guid":{"rendered":"https:\/\/yearzerochange.org\/?page_id=534"},"modified":"2025-08-07T09:21:42","modified_gmt":"2025-08-07T09:21:42","slug":"avis-juridique-mentions-legales","status":"publish","type":"page","link":"https:\/\/yearzerochange.org\/fr\/legal-notice-mentions-legales\/","title":{"rendered":"Avis juridique"},"content":{"rendered":"<div data-elementor-type=\"wp-page\" data-elementor-id=\"534\" class=\"elementor elementor-534\">\n\t\t\t\t<div class=\"elementor-element elementor-element-6a7152f5 e-flex e-con-boxed e-con e-parent\" data-id=\"6a7152f5\" data-element_type=\"container\" data-e-type=\"container\">\n\t\t\t\t\t<div class=\"e-con-inner\">\n\t\t\t\t<div class=\"elementor-element elementor-element-360377e2 elementor-widget elementor-widget-text-editor\" data-id=\"360377e2\" data-element_type=\"widget\" data-e-type=\"widget\" data-widget_type=\"text-editor.default\">\n\t\t\t\t\t\t\t\t\t<h2 class=\"wp-block-heading\" style=\"font-size: 32px; font-weight: bold; font-family: Inter, Arial, Helvetica, sans-serif; line-height: 1.2; letter-spacing: normal; text-transform: none;\">Anglais<\/h2>\n<p><!-- \/wp:paragraph --><!-- wp:paragraph --><\/p>\n<p><strong>Site :<\/strong> https:\/\/yearzerochange.org<\/p>\n<p><!-- \/wp:paragraph --><!-- wp:paragraph --><\/p>\n<p><strong>Editeur responsable :<\/strong> R\u00e9mi Blum-Jonqui\u00e8res<\/p>\n<p><!-- \/wp:paragraph --><!-- wp:paragraph --><\/p>\n<p><strong>Contact :<\/strong> contact@yearzerochange.org<\/p>\n<p><!-- \/wp:paragraph --><!-- wp:paragraph --><\/p>\n<p><strong>Propri\u00e9t\u00e9 intellectuelle :<\/strong><br \/>Tous les contenus (textes, images, graphiques, codes) sont la propri\u00e9t\u00e9 intellectuelle de leurs auteurs, sauf indication contraire. Toute reproduction ou utilisation commerciale est interdite sans accord \u00e9crit pr\u00e9alable.<\/p>\n<p><!-- \/wp:paragraph --><!-- wp:paragraph --><\/p>\n<p><strong>Marque d\u00e9pos\u00e9e :<\/strong><br \/>Le nom <strong>Cycle z\u00e9ro<\/strong> et son logo sont des marques d\u00e9pos\u00e9es aupr\u00e8s de l'Office de l'harmonisation dans le march\u00e9 int\u00e9rieur (OMI). <em>Institut National de la Propri\u00e9t\u00e9 Industrielle (INPI)<\/em> en droit fran\u00e7ais en 2025.<br \/>Classe 36 - Services financiers (monnaie num\u00e9rique non sp\u00e9culative)<br \/>Classe 42 - Technologies associ\u00e9es (logiciels et syst\u00e8mes de gouvernance hybrides)<\/p>\n<p><!-- \/wp:paragraph --><!-- wp:paragraph --><\/p>\n<p><strong>Avis de non-responsabilit\u00e9 :<\/strong><br \/>Ce site propose une approche philosophique et exploratoire du temps et des syst\u00e8mes de valeurs. Il n'offre pas de services d'investissement financier ou de n\u00e9gociation. Le projet Cycle Zero est \u00e0 but non lucratif et repose sur des principes de gouvernance collective.<\/p>\n<p><!-- \/wp:paragraph --><!-- wp:separator --><\/p>\n<p><!-- \/wp:paragraph --><\/p>\t\t\t\t\t\t\t\t<\/div>\n\t\t\t\t\t<\/div>\n\t\t\t\t<\/div>\n\t\t\t\t<\/div>","protected":false},"excerpt":{"rendered":"<p>English Site: https:\/\/yearzerochange.org Responsible editor: R\u00e9mi Blum-Jonqui\u00e8res Contact: contact@yearzerochange.org Intellectual property:All contents (texts, images, graphics, code) are the intellectual property of their authors unless stated otherwise. Any reproduction or commercial use is prohibited without prior written consent. Trademark:The name Cycle Zero\u00ae and its associated logo are registered trademarks filed with the Institut National de la&hellip;&nbsp;<a href=\"https:\/\/yearzerochange.org\/fr\/legal-notice-mentions-legales\/\" rel=\"bookmark\"><span class=\"screen-reader-text\">Avis juridique<\/span><\/a><\/p>","protected":false},"author":1,"featured_media":0,"parent":0,"menu_order":0,"comment_status":"closed","ping_status":"closed","template":"","meta":{"om_disable_all_campaigns":false,"_monsterinsights_skip_tracking":false,"_monsterinsights_sitenote_active":false,"_monsterinsights_sitenote_note":"","_monsterinsights_sitenote_category":0,"_uf_show_specific_survey":0,"_uf_disable_surveys":false,"neve_meta_sidebar":"","neve_meta_container":"","neve_meta_enable_content_width":"","neve_meta_content_width":0,"neve_meta_title_alignment":"","neve_meta_author_avatar":"","neve_post_elements_order":"","neve_meta_disable_header":"","neve_meta_disable_footer":"","neve_meta_disable_title":"","neve_meta_reading_time":"","footnotes":""},"class_list":["post-534","page","type-page","status-publish","hentry"],"aioseo_notices":[],"_links":{"self":[{"href":"https:\/\/yearzerochange.org\/fr\/wp-json\/wp\/v2\/pages\/534","targetHints":{"allow":["GET"]}}],"collection":[{"href":"https:\/\/yearzerochange.org\/fr\/wp-json\/wp\/v2\/pages"}],"about":[{"href":"https:\/\/yearzerochange.org\/fr\/wp-json\/wp\/v2\/types\/page"}],"author":[{"embeddable":true,"href":"https:\/\/yearzerochange.org\/fr\/wp-json\/wp\/v2\/users\/1"}],"replies":[{"embeddable":true,"href":"https:\/\/yearzerochange.org\/fr\/wp-json\/wp\/v2\/comments?post=534"}],"version-history":[{"count":8,"href":"https:\/\/yearzerochange.org\/fr\/wp-json\/wp\/v2\/pages\/534\/revisions"}],"predecessor-version":[{"id":1230,"href":"https:\/\/yearzerochange.org\/fr\/wp-json\/wp\/v2\/pages\/534\/revisions\/1230"}],"wp:attachment":[{"href":"https:\/\/yearzerochange.org\/fr\/wp-json\/wp\/v2\/media?parent=534"}],"curies":[{"name":"wp","href":"https:\/\/api.w.org\/{rel}","templated":true}]}}