{"id":437,"date":"2025-07-25T13:44:31","date_gmt":"2025-07-25T13:44:31","guid":{"rendered":"https:\/\/yearzerochange.org\/?page_id=437"},"modified":"2025-07-30T12:53:35","modified_gmt":"2025-07-30T12:53:35","slug":"vivre-avec-zero","status":"publish","type":"page","link":"https:\/\/yearzerochange.org\/fr\/living-with-zero\/","title":{"rendered":"F.A.Q. - Vivre avec z\u00e9ro"},"content":{"rendered":"<div data-elementor-type=\"wp-page\" data-elementor-id=\"437\" class=\"elementor elementor-437\">\n\t\t\t\t<div class=\"elementor-element elementor-element-4864a1a e-flex e-con-boxed e-con e-parent\" data-id=\"4864a1a\" data-element_type=\"container\" data-e-type=\"container\">\n\t\t\t\t\t<div class=\"e-con-inner\">\n\t\t<div class=\"elementor-element elementor-element-0861495 e-con-full e-flex e-con e-child\" data-id=\"0861495\" data-element_type=\"container\" data-e-type=\"container\">\n\t\t\t\t<\/div>\n\t\t\t\t\t<\/div>\n\t\t\t\t<\/div>\n\t\t<div class=\"elementor-element elementor-element-ed878a7 e-flex e-con-boxed e-con e-parent\" data-id=\"ed878a7\" data-element_type=\"container\" data-e-type=\"container\">\n\t\t\t\t\t<div class=\"e-con-inner\">\n\t\t\t\t<div class=\"elementor-element elementor-element-b8caa5c elementor-widget elementor-widget-html\" data-id=\"b8caa5c\" data-element_type=\"widget\" data-e-type=\"widget\" data-widget_type=\"html.default\">\n\t\t\t\t\t<div class=\"boxed-container\">\r\n\r\n  <h2 style=\"text-align: center;\">\ud83d\udcb8 FAQ - Vivre avec z\u00e9ro<\/h2>\r\n\r\n  <div class=\"faq-box\">\r\n    <h3>\ud83d\udca1 Qu'est-ce que le z\u00e9ro ?<\/h3>\r\n    <p>Une monnaie \u00e9thique, non sp\u00e9culative, con\u00e7ue pour circuler et non pour s'accumuler. Elle garantit l'acc\u00e8s aux besoins de base tout en r\u00e9sistant aux logiques financi\u00e8res traditionnelles.<\/p>\r\n  <\/div>\r\n\r\n  <div class=\"faq-box\">\r\n    <h3>\u23f3 Pourquoi Zero expire-t-il ?<\/h3>\r\n    <p>Parce que son but est de s'\u00e9couler - comme la respiration ou l'eau. L'expiration emp\u00eache la th\u00e9saurisation et favorise une redistribution continue en fonction des besoins et du temps.<\/p>\r\n  <\/div>\r\n\r\n  <div class=\"faq-box\">\r\n    <h3>\ud83d\udd04 Comment fonctionne la distribution ?<\/h3>\r\n    <p>Chaque personne re\u00e7oit un montant mensuel. Un syst\u00e8me soutenu par l'IA aide \u00e0 allouer les ressources en fonction de l'urgence, de la raret\u00e9 et de l'\u00e9quit\u00e9 - toujours sous le contr\u00f4le d'une gouvernance humaine.<\/p>\r\n  <\/div>\r\n\r\n  <div class=\"faq-box\">\r\n    <h3>\ud83c\udf0d Le z\u00e9ro peut-il remplacer les monnaies existantes ?<\/h3>\r\n    <p>Non. Il n'est pas con\u00e7u pour rivaliser ou dominer. Il coexiste, sert des \u00e9cosyst\u00e8mes sp\u00e9cifiques (logement, alimentation, \u00e9nergie...), et ouvre de nouvelles logiques de valeur.<\/p>\r\n  <\/div>\r\n\r\n  <div class=\"faq-box\">\r\n    <h3>\ud83e\udde0 Qui contr\u00f4le Zero ?<\/h3>\r\n    <p>Zero est r\u00e9gi par un syst\u00e8me hybride : algorithmes transparents + contribution participative. Il \u00e9vite la sp\u00e9culation, privil\u00e9gie la coop\u00e9ration et s'adapte aux besoins r\u00e9els.<\/p>\r\n  <\/div>\r\n\r\n  <div class=\"faq-box\">\r\n    <h3>\ud83c\udf00 Le z\u00e9ro n'est-il qu'une monnaie ?<\/h3>\r\n    <p>C'est aussi un symbole, un rythme et un contrat collectif - align\u00e9 sur le calendrier des 13 mois. Il propose une nouvelle relation entre le temps, la valeur et la communaut\u00e9.<\/p>\r\n  <\/div>\r\n\r\n<\/div>\r\n\t\t\t\t<\/div>\n\t\t\t\t\t<\/div>\n\t\t\t\t<\/div>\n\t\t\t\t<\/div>","protected":false},"excerpt":{"rendered":"<p>\ud83d\udcb8 FAQ \u2014 Living with Zero \ud83d\udca1 What is Zero? A non-speculative, ethical currency designed to circulate \u2014 not accumulate. It ensures access to basic needs while resisting traditional financial logics. \u23f3 Why does Zero expire? Because its purpose is to flow \u2014 like breath or water. Expiration prevents hoarding and supports a continuous redistribution&hellip;&nbsp;<a href=\"https:\/\/yearzerochange.org\/fr\/living-with-zero\/\" rel=\"bookmark\"><span class=\"screen-reader-text\">F.A.Q. - Vivre avec z\u00e9ro<\/span><\/a><\/p>","protected":false},"author":1,"featured_media":0,"parent":0,"menu_order":0,"comment_status":"closed","ping_status":"closed","template":"page-templates\/template-pagebuilder-full-width.php","meta":{"om_disable_all_campaigns":false,"_monsterinsights_skip_tracking":false,"_monsterinsights_sitenote_active":false,"_monsterinsights_sitenote_note":"","_monsterinsights_sitenote_category":0,"_uf_show_specific_survey":0,"_uf_disable_surveys":false,"neve_meta_sidebar":"","neve_meta_container":"","neve_meta_enable_content_width":"","neve_meta_content_width":0,"neve_meta_title_alignment":"","neve_meta_author_avatar":"","neve_post_elements_order":"","neve_meta_disable_header":"","neve_meta_disable_footer":"","neve_meta_disable_title":"","neve_meta_reading_time":"","footnotes":""},"class_list":["post-437","page","type-page","status-publish","hentry"],"aioseo_notices":[],"_links":{"self":[{"href":"https:\/\/yearzerochange.org\/fr\/wp-json\/wp\/v2\/pages\/437","targetHints":{"allow":["GET"]}}],"collection":[{"href":"https:\/\/yearzerochange.org\/fr\/wp-json\/wp\/v2\/pages"}],"about":[{"href":"https:\/\/yearzerochange.org\/fr\/wp-json\/wp\/v2\/types\/page"}],"author":[{"embeddable":true,"href":"https:\/\/yearzerochange.org\/fr\/wp-json\/wp\/v2\/users\/1"}],"replies":[{"embeddable":true,"href":"https:\/\/yearzerochange.org\/fr\/wp-json\/wp\/v2\/comments?post=437"}],"version-history":[{"count":14,"href":"https:\/\/yearzerochange.org\/fr\/wp-json\/wp\/v2\/pages\/437\/revisions"}],"predecessor-version":[{"id":1050,"href":"https:\/\/yearzerochange.org\/fr\/wp-json\/wp\/v2\/pages\/437\/revisions\/1050"}],"wp:attachment":[{"href":"https:\/\/yearzerochange.org\/fr\/wp-json\/wp\/v2\/media?parent=437"}],"curies":[{"name":"wp","href":"https:\/\/api.w.org\/{rel}","templated":true}]}}