{"id":354,"date":"2025-07-13T09:28:47","date_gmt":"2025-07-13T09:28:47","guid":{"rendered":"https:\/\/yearzerochange.org\/?page_id=354"},"modified":"2025-07-30T12:43:37","modified_gmt":"2025-07-30T12:43:37","slug":"decouvrir-le-calendrier-de-13-mois","status":"publish","type":"page","link":"https:\/\/yearzerochange.org\/fr\/discover-the-13-month-calendar\/","title":{"rendered":"Le calendrier de 13 mois"},"content":{"rendered":"<div data-elementor-type=\"wp-page\" data-elementor-id=\"354\" class=\"elementor elementor-354\">\n\t\t\t\t<div class=\"elementor-element elementor-element-55a9d3ec e-flex e-con-boxed e-con e-parent\" data-id=\"55a9d3ec\" data-element_type=\"container\" data-e-type=\"container\">\n\t\t\t\t\t<div class=\"e-con-inner\">\n\t\t<div class=\"elementor-element elementor-element-5c3ac08 e-con-full e-flex e-con e-child\" data-id=\"5c3ac08\" data-element_type=\"container\" data-e-type=\"container\">\n\t\t\t\t<div class=\"elementor-element elementor-element-69154da elementor-widget elementor-widget-html\" data-id=\"69154da\" data-element_type=\"widget\" data-e-type=\"widget\" data-widget_type=\"html.default\">\n\t\t\t\t\t<div class=\"boxed-container\">\r\n  <h2 style=\"text-align: center;\">\ud83c\udf15 D\u00e9couvrez le Calendrier 13 mois<\/h2>\r\n\r\n  <p>Notre calendrier actuel, avec ses mois irr\u00e9guliers et ses noms arbitraires, a \u00e9t\u00e9 fa\u00e7onn\u00e9 par les empires et le pouvoir. <strong>An Z\u00e9ro<\/strong> nous invite \u00e0 renouer avec la nature - et avec nous-m\u00eames.<\/p>\r\n\r\n  <h3>\ud83c\udf00 La structure<\/h3>\r\n  <ul>\r\n    <li><strong>13 mois<\/strong>chacun avec <strong>28 jours<\/strong><\/li>\r\n    <li><strong>364 jours<\/strong> + 1 <em>\"zero day\" (jour z\u00e9ro)<\/em> pour s'aligner sur l'ann\u00e9e solaire (plac\u00e9e au solstice d'hiver)<\/li>\r\n    <li>Chaque mois commence le m\u00eame jour de la semaine<\/li>\r\n    <li>Le rythme est clair, simple et cyclique<\/li>\r\n  <\/ul>\r\n\r\n  <h3>\ud83c\udf19 Pourquoi 13 mois ?<\/h3>\r\n  <p>La Lune effectue environ 13 orbites par ann\u00e9e solaire. Chaque mois de 28 jours fait \u00e9cho aux rythmes lunaires - menstruation, sommeil, mar\u00e9es, biologie.<\/p>\r\n  <p>Au lieu de diviser le temps en fragments de pouvoir, nous revenons \u00e0 une approche de l'\u00e9conomie de march\u00e9. <strong>cercle de temps<\/strong>.<\/p>\r\n\r\n  <h3>\ud83d\udcc6 Vue d'ensemble<\/h3>\r\n  <ul>\r\n    <li>12 \u00d7 28 = 336 jours<\/li>\r\n    <li>+ 1 mois suppl\u00e9mentaire = 364 jours<\/li>\r\n    <li>+ 1 jour neutre (jour z\u00e9ro) = 365 (alignement solaire)<\/li>\r\n  <\/ul>\r\n\r\n  <h3>\ud83c\udf1f Le jour z\u00e9ro<\/h3>\r\n  <p>Les <strong>Journ\u00e9e z\u00e9ro<\/strong> est une c\u00e9l\u00e9bration, pas une \u00e9ch\u00e9ance. C'est un moment de pause, de gratitude et d'unit\u00e9. Elle a lieu au solstice d'hiver, lorsque la lumi\u00e8re commence \u00e0 revenir.<\/p>\r\n  <h3>\ud83d\udd27 Le jour z\u00e9ro cl\u00f4turant l'ann\u00e9e solaire<\/h3>\r\n<p>L'ann\u00e9e solaire dure environ <strong>365,24 jours<\/strong> - l\u00e9g\u00e8rement plus long que le cycle de 13 mois que nous proposons (13 \u00d7 28 = 364 jours).<\/p>\r\n\r\n<p>Pour rester en phase avec la r\u00e9volution de la Terre autour du soleil, nous introduisons les \u00e9l\u00e9ments suivants <strong>jour(s) neutre(s)<\/strong> en dehors des mois normaux :<\/p>\r\n\r\n<ul>\r\n  <li><strong>1 jour neutre<\/strong> chaque ann\u00e9e, plac\u00e9 sur le site de la <strong>solstice d'hiver<\/strong> (21 d\u00e9cembre), appel\u00e9 <em>Journ\u00e9e z\u00e9ro<\/em><\/li>\r\n  <li><strong>1 jour suppl\u00e9mentaire tous les 4 ans<\/strong> (comme une ann\u00e9e bissextile) pour tenir compte du quart de jour restant.<\/li>\r\n<\/ul>\r\n\r\n<p>Ces jours ne font pas partie d'une semaine ou d'un mois. Ils sont \u00e0 part, comme un souffle entre deux cycles.<\/p>\r\n\r\n<p><strong>Journ\u00e9e z\u00e9ro<\/strong> et son compagnon occasionnel sont des moments de <em>r\u00e9flexion, unit\u00e9 et transition<\/em> - c\u00e9l\u00e9br\u00e9 comme un temps global hors du temps.<\/p>\r\n\r\n  \r\n\r\n  <h3>\ud83e\ude90 Nommer les mois<\/h3>\r\n  <p>Nous \u00e9tudions actuellement des noms pour chacun des 13 mois, inspir\u00e9s par des plan\u00e8tes, des lunes ou des valeurs universelles. Vous pourrez bient\u00f4t participer \u00e0 ce processus.<\/p>\r\n\r\n  <h3>\ud83e\udded Universel, pas religieux<\/h3>\r\n  <p>Ce calendrier n'appartient \u00e0 aucune religion, \u00e0 aucun empire, \u00e0 aucune r\u00e9gion. Il s'agit d'une proposition pour toute l'humanit\u00e9, \u00e0 commencer par <strong>Ann\u00e9e z\u00e9ro = 2028<\/strong> - l'ann\u00e9e que nous recommen\u00e7ons symboliquement.<\/p>\r\n\r\n  <p style=\"text-align: center; margin-top: 2em;\"><a href=\"\/fr\/convertir-votre-date-danniversaire\/\" style=\"color: #2c4e3a; font-weight: bold;\">\ud83e\uddee Essayez le convertisseur d'anniversaires \u2192<\/a><\/p>\r\n\r\n  <p style=\"text-align: center; margin-top: 3em; font-style: italic;\">\"Et si le temps \u00e9tait au service de la vie, et non l'inverse ?<\/p>\r\n<\/div>\r\n\t\t\t\t<\/div>\n\t\t\t\t<\/div>\n\t\t\t\t\t<\/div>\n\t\t\t\t<\/div>\n\t\t\t\t<\/div>","protected":false},"excerpt":{"rendered":"<p>\ud83c\udf15 D\u00e9couvrez le calendrier de 13 mois Notre calendrier actuel, avec ses mois irr\u00e9guliers et ses noms arbitraires, a \u00e9t\u00e9 fa\u00e7onn\u00e9 par les empires et le pouvoir. Ann\u00e9e Z\u00e9ro nous invite \u00e0 reconnecter le temps avec la nature \u2014 et avec nous-m\u00eames. \ud83c\udf00 La structure 13 mois, chacun de 28 jours 364 jours + 1 \u201c jour z\u00e9ro \u201d pour se r\u00e9aligner avec l'ann\u00e9e solaire\u2026&nbsp;<a href=\"https:\/\/yearzerochange.org\/fr\/discover-the-13-month-calendar\/\" rel=\"bookmark\"><span class=\"screen-reader-text\">Le calendrier de 13 mois<\/span><\/a><\/p>","protected":false},"author":1,"featured_media":0,"parent":0,"menu_order":0,"comment_status":"closed","ping_status":"closed","template":"","meta":{"om_disable_all_campaigns":false,"_monsterinsights_skip_tracking":false,"_monsterinsights_sitenote_active":false,"_monsterinsights_sitenote_note":"","_monsterinsights_sitenote_category":0,"_uf_show_specific_survey":0,"_uf_disable_surveys":false,"neve_meta_sidebar":"","neve_meta_container":"","neve_meta_enable_content_width":"","neve_meta_content_width":0,"neve_meta_title_alignment":"","neve_meta_author_avatar":"","neve_post_elements_order":"","neve_meta_disable_header":"","neve_meta_disable_footer":"","neve_meta_disable_title":"","neve_meta_reading_time":"","footnotes":""},"class_list":["post-354","page","type-page","status-publish","hentry"],"aioseo_notices":[],"_links":{"self":[{"href":"https:\/\/yearzerochange.org\/fr\/wp-json\/wp\/v2\/pages\/354","targetHints":{"allow":["GET"]}}],"collection":[{"href":"https:\/\/yearzerochange.org\/fr\/wp-json\/wp\/v2\/pages"}],"about":[{"href":"https:\/\/yearzerochange.org\/fr\/wp-json\/wp\/v2\/types\/page"}],"author":[{"embeddable":true,"href":"https:\/\/yearzerochange.org\/fr\/wp-json\/wp\/v2\/users\/1"}],"replies":[{"embeddable":true,"href":"https:\/\/yearzerochange.org\/fr\/wp-json\/wp\/v2\/comments?post=354"}],"version-history":[{"count":8,"href":"https:\/\/yearzerochange.org\/fr\/wp-json\/wp\/v2\/pages\/354\/revisions"}],"predecessor-version":[{"id":1044,"href":"https:\/\/yearzerochange.org\/fr\/wp-json\/wp\/v2\/pages\/354\/revisions\/1044"}],"wp:attachment":[{"href":"https:\/\/yearzerochange.org\/fr\/wp-json\/wp\/v2\/media?parent=354"}],"curies":[{"name":"wp","href":"https:\/\/api.w.org\/{rel}","templated":true}]}}