{"id":1075,"date":"2025-07-30T18:16:09","date_gmt":"2025-07-30T18:16:09","guid":{"rendered":"https:\/\/yearzerochange.org\/?page_id=1075"},"modified":"2025-07-30T19:02:44","modified_gmt":"2025-07-30T19:02:44","slug":"projets-allies","status":"publish","type":"page","link":"https:\/\/yearzerochange.org\/fr\/allied-projects\/","title":{"rendered":"\ud83c\udf10 Projets alli\u00e9s"},"content":{"rendered":"<div data-elementor-type=\"wp-page\" data-elementor-id=\"1075\" class=\"elementor elementor-1075\">\n\t\t\t\t<div class=\"elementor-element elementor-element-0b6d3eb e-flex e-con-boxed e-con e-parent\" data-id=\"0b6d3eb\" data-element_type=\"container\" data-e-type=\"container\" data-settings=\"{&quot;background_background&quot;:&quot;classic&quot;}\">\n\t\t\t\t\t<div class=\"e-con-inner\">\n\t\t\t\t<div class=\"elementor-element elementor-element-7268b19 elementor-widget elementor-widget-heading\" data-id=\"7268b19\" data-element_type=\"widget\" data-e-type=\"widget\" data-widget_type=\"heading.default\">\n\t\t\t\t\t<h1 class=\"elementor-heading-title elementor-size-default\">\ud83c\udf10 Projets alli\u00e9s<\/h1>\t\t\t\t<\/div>\n\t\t\t\t\t<\/div>\n\t\t\t\t<\/div>\n\t\t<div class=\"elementor-element elementor-element-bf9083c e-flex e-con-boxed e-con e-parent\" data-id=\"bf9083c\" data-element_type=\"container\" data-e-type=\"container\">\n\t\t\t\t\t<div class=\"e-con-inner\">\n\t\t\t\t<div class=\"elementor-element elementor-element-02ad614 elementor-widget elementor-widget-html\" data-id=\"02ad614\" data-element_type=\"widget\" data-e-type=\"widget\" data-widget_type=\"html.default\">\n\t\t\t\t\t<div class=\"boxed-container\">\r\n  <h2 style=\"text-align: center;\">\ud83c\udf10 Projets alli\u00e9s<\/h2>\r\n  <p style=\"text-align: center; font-size: 1.1em;\">D\u00e9couvrez les mouvements, les visions et les communaut\u00e9s qui s'inscrivent dans l'esprit de l'Ann\u00e9e z\u00e9ro du changement.<\/p>\r\n\r\n  <h3>\ud83c\udf31 R\u00e9imagination soci\u00e9tale<\/h3>\r\n  <ul>\r\n    <li><a href=\"https:\/\/www.thevenusproject.com\/\" target=\"_blank\">\ud83d\udd17 The Venus Project<\/a> - Une \u00e9conomie bas\u00e9e sur les ressources qui vise \u00e0 \u00e9liminer la p\u00e9nurie gr\u00e2ce \u00e0 la conception, \u00e0 la technologie et \u00e0 la coop\u00e9ration.<\/li>\r\n    <li><a href=\"https:\/\/les-sel.org\/\" target=\"_blank\">\ud83d\udd17 SEL (Syst\u00e8mes d'\u00c9change Locaux)<\/a> - R\u00e9seaux locaux de troc fond\u00e9s sur le temps, les comp\u00e9tences et la confiance mutuelle plut\u00f4t que sur l'argent.<\/li>\r\n  <\/ul>\r\n\r\n  <h3>\ud83e\udd16 L'homme et l'intelligence artificielle au service de la plan\u00e8te<\/h3>\r\n  <ul>\r\n    <li><a href=\"https:\/\/www.collective-intelligence.org\/\" target=\"_blank\">\ud83d\udd17 Le projet d'intelligence collective<\/a> - Explorer comment la prise de d\u00e9cision augment\u00e9e et l'IA peuvent contribuer \u00e0 l'\u00e9panouissement humain.<\/li>\r\n    <li><a href=\"https:\/\/futureoflife.org\/\" target=\"_blank\">L'Institut pour l'avenir de la vie<\/a> - Il travaille sur l'IA align\u00e9e, la r\u00e9duction des risques existentiels et la coop\u00e9ration b\u00e9n\u00e9fique entre les humains et les machines.<\/li>\r\n    <li><a href=\"https:\/\/humanetech.com\/\" target=\"_blank\">\ud83d\udd17 Centre de technologie humaine<\/a> - Repenser l'infrastructure num\u00e9rique pour le bien-\u00eatre et l'\u00e9quilibre plan\u00e9taire.<\/li>\r\n  <\/ul>\r\n\r\n  <h3>\ud83e\udded Exp\u00e9riences locales et utopies \u00e9conomiques<\/h3>\r\n  <ul>\r\n    <li><a href=\"https:\/\/www.faircoop.net\/\" target=\"_blank\">\ud83d\udd17 FairCoop<\/a> - Un \u00e9cosyst\u00e8me coop\u00e9ratif pour l'\u00e9quit\u00e9 \u00e9conomique gr\u00e2ce \u00e0 des outils ouverts et \u00e0 la crypto-d\u00e9mocratie.<\/li>\r\n    <li><a href=\"https:\/\/www.kibbutz.org.il\/\" target=\"_blank\">Le mouvement des kibboutz<\/a> - Un exemple historique et vivant de vie centr\u00e9e sur la communaut\u00e9 et de ressources partag\u00e9es.<\/li>\r\n  <\/ul>\r\n\r\n  <h3>\ud83d\udcec Sugg\u00e9rer un projet<\/h3>\r\n  <p>Connaissez-vous une initiative qui devrait faire partie de cette constellation ? \u00c9crivez-nous : <a href=\"mailto:contact@yearzerochange.org\" style=\"color: #2c4e3a;\">contact@yearzerochange.org<\/a><\/p>\r\n\r\n  <p style=\"text-align: center; margin-top: 2em; font-style: italic;\">\"L'avenir est un r\u00e9seau, pas une pyramide.<\/p>\r\n<\/div>\r\n\t\t\t\t<\/div>\n\t\t\t\t\t<\/div>\n\t\t\t\t<\/div>\n\t\t\t\t<\/div>","protected":false},"excerpt":{"rendered":"<p>Allied Projects \ud83c\udf10 Allied Projects Discover movements, visions and communities that resonate with the spirit of Year Zero Change. \ud83c\udf31 Societal Reimagination \ud83d\udd17 The Venus Project \u2013 A resource-based economy aiming to eliminate scarcity through design, technology and cooperation. \ud83d\udd17 SEL (Syst\u00e8mes d&#8217;\u00c9change Locaux) \u2013 Local barter networks based on time, skills, and mutual trust&hellip;&nbsp;<a href=\"https:\/\/yearzerochange.org\/fr\/allied-projects\/\" rel=\"bookmark\"><span class=\"screen-reader-text\">\ud83c\udf10 Projets alli\u00e9s<\/span><\/a><\/p>","protected":false},"author":1,"featured_media":0,"parent":0,"menu_order":0,"comment_status":"closed","ping_status":"closed","template":"page-templates\/template-pagebuilder-full-width.php","meta":{"om_disable_all_campaigns":false,"_monsterinsights_skip_tracking":false,"_monsterinsights_sitenote_active":false,"_monsterinsights_sitenote_note":"","_monsterinsights_sitenote_category":0,"_uf_show_specific_survey":0,"_uf_disable_surveys":false,"neve_meta_sidebar":"","neve_meta_container":"","neve_meta_enable_content_width":"","neve_meta_content_width":0,"neve_meta_title_alignment":"","neve_meta_author_avatar":"","neve_post_elements_order":"","neve_meta_disable_header":"","neve_meta_disable_footer":"","neve_meta_disable_title":"","neve_meta_reading_time":"","footnotes":""},"class_list":["post-1075","page","type-page","status-publish","hentry"],"aioseo_notices":[],"_links":{"self":[{"href":"https:\/\/yearzerochange.org\/fr\/wp-json\/wp\/v2\/pages\/1075","targetHints":{"allow":["GET"]}}],"collection":[{"href":"https:\/\/yearzerochange.org\/fr\/wp-json\/wp\/v2\/pages"}],"about":[{"href":"https:\/\/yearzerochange.org\/fr\/wp-json\/wp\/v2\/types\/page"}],"author":[{"embeddable":true,"href":"https:\/\/yearzerochange.org\/fr\/wp-json\/wp\/v2\/users\/1"}],"replies":[{"embeddable":true,"href":"https:\/\/yearzerochange.org\/fr\/wp-json\/wp\/v2\/comments?post=1075"}],"version-history":[{"count":6,"href":"https:\/\/yearzerochange.org\/fr\/wp-json\/wp\/v2\/pages\/1075\/revisions"}],"predecessor-version":[{"id":1085,"href":"https:\/\/yearzerochange.org\/fr\/wp-json\/wp\/v2\/pages\/1075\/revisions\/1085"}],"wp:attachment":[{"href":"https:\/\/yearzerochange.org\/fr\/wp-json\/wp\/v2\/media?parent=1075"}],"curies":[{"name":"wp","href":"https:\/\/api.w.org\/{rel}","templated":true}]}}